{"id":19,"date":"2018-08-01T09:53:30","date_gmt":"2018-08-01T07:53:30","guid":{"rendered":"http:\/\/mgops1.lwowekslaski.pl\/?page_id=19"},"modified":"2021-02-11T09:43:49","modified_gmt":"2021-02-11T08:43:49","slug":"swiadczenia-pieniezne","status":"publish","type":"page","link":"https:\/\/mgops.lwowekslaski.pl\/index.php\/pomoc-spoleczna\/swiadczenia-pieniezne\/","title":{"rendered":"\u015awiadczenia pieni\u0119\u017cne"},"content":{"rendered":"<p><strong>Zasi\u0142ek sta\u0142y<br \/><\/strong> Jest to \u015bwiadczenie obligatoryjne (obowi\u0105zkowe) przys\u0142uguj\u0105ce na podstawie art. 37 ustawy o pomocy spo\u0142ecznej osobom ca\u0142kowicie niezdolnym do pracy z powodu wieku lub niepe\u0142nosprawno\u015bci, spe\u0142niaj\u0105cym kryterium dochodowe i stanowi uzupe\u0142nienie dochodu tych os\u00f3b do kryterium ustawowego.<br \/>Zasi\u0142ek sta\u0142y ustala si\u0119 w wysoko\u015bci:<\/p>\n<ul>\n<li>w przypadku osoby samotnie gospodaruj\u0105cej &#8211; r\u00f3\u017cnicy mi\u0119dzy kryterium dochodowym osoby samotnie gospodaruj\u0105cej a dochodem tej osoby, z tym \u017ce kwota zasi\u0142ku nie mo\u017ce by\u0107 wy\u017csza ni\u017c 645 z\u0142 miesi\u0119cznie;<\/li>\n<li>w przypadku osoby w rodzinie &#8211; r\u00f3\u017cnicy mi\u0119dzy kryterium dochodowym na osob\u0119 w rodzinie a dochodem na osob\u0119 w rodzin.<\/li>\n<\/ul>\n<p>Kwota zasi\u0142ku nie mo\u017ce by\u0107 ni\u017csza ni\u017c 30 z\u0142 miesi\u0119cznie.<br \/>\u015awiadczenie to jest zadaniem w\u0142asnym gminy, finansowanym z bud\u017cetu pa\u0144stwa.<\/p>\n<p><strong>Zasi\u0142ek celowy<br \/><\/strong>Jest to \u015bwiadczenie fakultatywne przyznawane na podstawie art. 39 ustawy o pomocy spo\u0142ecznej na zaspokojenie niezb\u0119dnej potrzeby \u017cyciowej, a w szczeg\u00f3lno\u015bci na pokrycie cz\u0119\u015bci lub ca\u0142o\u015bci koszt\u00f3w zakupu \u017cywno\u015bci, lek\u00f3w i leczenia, opa\u0142u, odzie\u017cy, niezb\u0119dnych przedmiot\u00f3w u\u017cytku domowego, drobnych remont\u00f3w i napraw w mieszkaniu, a tak\u017ce koszt\u00f3w pogrzebu.<br \/>Osobom bezdomnym i innym osobom nie posiadaj\u0105cym dochodu oraz mo\u017cliwo\u015bci uzyskania \u015bwiadcze\u0144 zdrowotnych mo\u017ce by\u0107 przyznany zasi\u0142ek celowy na pokrycie cz\u0119\u015bci lub ca\u0142o\u015bci wydatk\u00f3w na \u015bwiadczenia zdrowotne. Zasi\u0142ek celowy mo\u017ce by\u0107 przyznany r\u00f3wnie\u017c w formie biletu kredytowanego.<\/p>\n<p><strong>Zasi\u0142ek celowy na pokrycie wydatk\u00f3w powsta\u0142ych w wyniku zdarzenia losowego<br \/><\/strong>Jest to \u015bwiadczenie przys\u0142uguj\u0105ce na podstawie art. 40 ust. 1 ustawy o pomocy spo\u0142ecznej i mo\u017ce by\u0107 przyznane osobie albo rodzinie, kt\u00f3re ponios\u0142y straty w wyniku zdarzenia losowego. W takim przypadku mo\u017ce by\u0107 przyznany niezale\u017cnie od dochodu i mo\u017ce nie podlega\u0107 zwrotowi.<\/p>\n<p><strong>Zasi\u0142ek celowy na pokrycie wydatk\u00f3w zwi\u0105zanych z kl\u0119sk\u0105 \u017cywio\u0142ow\u0105 lub ekologiczn\u0105<br \/><\/strong>Jest to \u015bwiadczenie przys\u0142uguj\u0105ce na podstawie art. 40 ust. 2 ustawy o pomocy spo\u0142ecznej i mo\u017ce by\u0107 przyznane osobie albo rodzinie, kt\u00f3re ponios\u0142y straty w wyniku kl\u0119ski \u017cywio\u0142owej lub ekologicznej. W takim przypadku mo\u017ce by\u0107 przyznany niezale\u017cnie od dochodu i mo\u017ce nie podlega\u0107 zwrotowi.<\/p>\n<p><strong>Specjalny zasi\u0142ek celowy<br \/><\/strong>Jest \u015bwiadczeniem przys\u0142uguj\u0105cym na podstawie art. 41 ustawy o pomocy spo\u0142ecznej i mo\u017ce by\u0107 przyznane w szczeg\u00f3lnie uzasadnionych przypadkach osobie albo rodzinie o dochodach przekraczaj\u0105cych kryterium ustawowe &#8211; w wysoko\u015bci nieprzekraczaj\u0105cej odpowiednio kryterium dochodowego osoby samotnie gospodaruj\u0105cej lub rodziny.<\/p>\n<p><strong>Zasi\u0142ek okresowy<br \/><\/strong>\u015awiadczenie przys\u0142uguje na podstawie art. 38 ustawy o pomocy spo\u0142ecznej i adresowane jest do os\u00f3b i rodzin bez dochod\u00f3w lub o dochodach ni\u017cszych ni\u017c ustawowe kryterium oraz zasobach pieni\u0119\u017cnych nie wystarczaj\u0105cych na zaspokojenie niezb\u0119dnych potrzeb \u017cyciowych, zw\u0142aszcza ze wzgl\u0119du na d\u0142ugotrwa\u0142\u0105 chorob\u0119, niepe\u0142nosprawno\u015b\u0107, bezrobocie, mo\u017cliwo\u015b\u0107 nabycia uprawnie\u0144 do \u015bwiadcze\u0144 z innych system\u00f3w zabezpieczenia spo\u0142ecznego.<\/p>\n<p>Zasi\u0142ek okresowy ustala si\u0119:<\/p>\n<ul>\n<li>w przypadku osoby samotnie gospodaruj\u0105cej &#8211; do wysoko\u015bci r\u00f3\u017cnicy mi\u0119dzy kryterium dochodowym osoby samotnie gospodaruj\u0105cej a dochodem tej osoby, ;<\/li>\n<li>w przypadku rodziny &#8211; do wysoko\u015bci r\u00f3\u017cnicy mi\u0119dzy kryterium dochodowym rodziny a dochodem tej rodziny.<\/li>\n<\/ul>\n\n\n<p>\u015awiadczenie to mo\u017ce by\u0107 przyznane w szczeg\u00f3lnie uzasadnionych przypadkach osobie albo rodzinie o dochodach przekraczaj\u0105cych kryterium dochodowe, ale pod warunkiem zwrotu cz\u0119\u015bci lub ca\u0142o\u015bci kwoty zasi\u0142ku (art. 41 ustawy o pomocy spo\u0142ecznej).<\/p>\n","protected":false},"excerpt":{"rendered":"<p>Zasi\u0142ek sta\u0142y Jest to \u015bwiadczenie obligatoryjne (obowi\u0105zkowe) przys\u0142uguj\u0105ce na podstawie art. 37 ustawy o pomocy spo\u0142ecznej osobom ca\u0142kowicie niezdolnym do pracy z powodu wieku lub niepe\u0142nosprawno\u015bci, spe\u0142niaj\u0105cym kryterium dochodowe i stanowi uzupe\u0142nienie dochodu tych os\u00f3b do kryterium ustawowego.Zasi\u0142ek sta\u0142y ustala si\u0119 w wysoko\u015bci: w przypadku osoby samotnie gospodaruj\u0105cej &#8211; r\u00f3\u017cnicy [&hellip;]<\/p>\n","protected":false},"author":1,"featured_media":268,"parent":17,"menu_order":1,"comment_status":"closed","ping_status":"closed","template":"","meta":{"_cbd_carousel_blocks":"[]","_themeisle_gutenberg_block_has_review":false,"footnotes":""},"class_list":["post-19","page","type-page","status-publish","has-post-thumbnail","hentry"],"yoast_head":"<!-- This site is optimized with the Yoast SEO plugin v27.6 - https:\/\/yoast.com\/product\/yoast-seo-wordpress\/ -->\n<title>\u015awiadczenia pieni\u0119\u017cne - MGOPS w Lw\u00f3wku \u015al\u0105skim<\/title>\n<meta name=\"robots\" content=\"index, follow, max-snippet:-1, max-image-preview:large, max-video-preview:-1\" \/>\n<link rel=\"canonical\" href=\"https:\/\/mgops.lwowekslaski.pl\/index.php\/pomoc-spoleczna\/swiadczenia-pieniezne\/\" \/>\n<meta property=\"og:locale\" content=\"pl_PL\" \/>\n<meta property=\"og:type\" content=\"article\" \/>\n<meta property=\"og:title\" content=\"\u015awiadczenia pieni\u0119\u017cne - MGOPS w Lw\u00f3wku \u015al\u0105skim\" \/>\n<meta property=\"og:description\" content=\"Zasi\u0142ek sta\u0142y Jest to \u015bwiadczenie obligatoryjne (obowi\u0105zkowe) przys\u0142uguj\u0105ce na podstawie art. 37 ustawy o pomocy spo\u0142ecznej osobom ca\u0142kowicie niezdolnym do pracy z powodu wieku lub niepe\u0142nosprawno\u015bci, spe\u0142niaj\u0105cym kryterium dochodowe i stanowi uzupe\u0142nienie dochodu tych os\u00f3b do kryterium ustawowego.Zasi\u0142ek sta\u0142y ustala si\u0119 w wysoko\u015bci: w przypadku osoby samotnie gospodaruj\u0105cej &#8211; r\u00f3\u017cnicy [&hellip;]\" \/>\n<meta property=\"og:url\" content=\"https:\/\/mgops.lwowekslaski.pl\/index.php\/pomoc-spoleczna\/swiadczenia-pieniezne\/\" \/>\n<meta property=\"og:site_name\" content=\"MGOPS w Lw\u00f3wku \u015al\u0105skim\" \/>\n<meta property=\"article:modified_time\" content=\"2021-02-11T08:43:49+00:00\" \/>\n<meta property=\"og:image\" content=\"https:\/\/mgops.lwowekslaski.pl\/wp-content\/uploads\/2020\/07\/rodzina.jpg\" \/>\n\t<meta property=\"og:image:width\" content=\"1685\" \/>\n\t<meta property=\"og:image:height\" content=\"1128\" \/>\n\t<meta property=\"og:image:type\" content=\"image\/jpeg\" \/>\n<meta name=\"twitter:card\" content=\"summary_large_image\" \/>\n<meta name=\"twitter:label1\" content=\"Szacowany czas czytania\" \/>\n\t<meta name=\"twitter:data1\" content=\"3 minuty\" \/>\n<script type=\"application\/ld+json\" class=\"yoast-schema-graph\">{\"@context\":\"https:\\\/\\\/schema.org\",\"@graph\":[{\"@type\":\"WebPage\",\"@id\":\"https:\\\/\\\/mgops.lwowekslaski.pl\\\/index.php\\\/pomoc-spoleczna\\\/swiadczenia-pieniezne\\\/\",\"url\":\"https:\\\/\\\/mgops.lwowekslaski.pl\\\/index.php\\\/pomoc-spoleczna\\\/swiadczenia-pieniezne\\\/\",\"name\":\"\u015awiadczenia pieni\u0119\u017cne - MGOPS w Lw\u00f3wku \u015al\u0105skim\",\"isPartOf\":{\"@id\":\"https:\\\/\\\/mgops.lwowekslaski.pl\\\/#website\"},\"primaryImageOfPage\":{\"@id\":\"https:\\\/\\\/mgops.lwowekslaski.pl\\\/index.php\\\/pomoc-spoleczna\\\/swiadczenia-pieniezne\\\/#primaryimage\"},\"image\":{\"@id\":\"https:\\\/\\\/mgops.lwowekslaski.pl\\\/index.php\\\/pomoc-spoleczna\\\/swiadczenia-pieniezne\\\/#primaryimage\"},\"thumbnailUrl\":\"https:\\\/\\\/mgops.lwowekslaski.pl\\\/wp-content\\\/uploads\\\/2020\\\/07\\\/rodzina.jpg\",\"datePublished\":\"2018-08-01T07:53:30+00:00\",\"dateModified\":\"2021-02-11T08:43:49+00:00\",\"breadcrumb\":{\"@id\":\"https:\\\/\\\/mgops.lwowekslaski.pl\\\/index.php\\\/pomoc-spoleczna\\\/swiadczenia-pieniezne\\\/#breadcrumb\"},\"inLanguage\":\"pl-PL\",\"potentialAction\":[{\"@type\":\"ReadAction\",\"target\":[\"https:\\\/\\\/mgops.lwowekslaski.pl\\\/index.php\\\/pomoc-spoleczna\\\/swiadczenia-pieniezne\\\/\"]}]},{\"@type\":\"ImageObject\",\"inLanguage\":\"pl-PL\",\"@id\":\"https:\\\/\\\/mgops.lwowekslaski.pl\\\/index.php\\\/pomoc-spoleczna\\\/swiadczenia-pieniezne\\\/#primaryimage\",\"url\":\"https:\\\/\\\/mgops.lwowekslaski.pl\\\/wp-content\\\/uploads\\\/2020\\\/07\\\/rodzina.jpg\",\"contentUrl\":\"https:\\\/\\\/mgops.lwowekslaski.pl\\\/wp-content\\\/uploads\\\/2020\\\/07\\\/rodzina.jpg\",\"width\":1685,\"height\":1128},{\"@type\":\"BreadcrumbList\",\"@id\":\"https:\\\/\\\/mgops.lwowekslaski.pl\\\/index.php\\\/pomoc-spoleczna\\\/swiadczenia-pieniezne\\\/#breadcrumb\",\"itemListElement\":[{\"@type\":\"ListItem\",\"position\":1,\"name\":\"Strona g\u0142\u00f3wna\",\"item\":\"https:\\\/\\\/mgops.lwowekslaski.pl\\\/\"},{\"@type\":\"ListItem\",\"position\":2,\"name\":\"Pomoc spo\u0142eczna\",\"item\":\"https:\\\/\\\/mgops.lwowekslaski.pl\\\/index.php\\\/pomoc-spoleczna\\\/\"},{\"@type\":\"ListItem\",\"position\":3,\"name\":\"\u015awiadczenia pieni\u0119\u017cne\"}]},{\"@type\":\"WebSite\",\"@id\":\"https:\\\/\\\/mgops.lwowekslaski.pl\\\/#website\",\"url\":\"https:\\\/\\\/mgops.lwowekslaski.pl\\\/\",\"name\":\"MGOPS w Lw\u00f3wku \u015al\u0105skim\",\"description\":\"Miejsko - Gminny O\u015brodek Pomocy Spo\u0142ecznej w Lw\u00f3wku \u015al\u0105skim\",\"publisher\":{\"@id\":\"https:\\\/\\\/mgops.lwowekslaski.pl\\\/#organization\"},\"potentialAction\":[{\"@type\":\"SearchAction\",\"target\":{\"@type\":\"EntryPoint\",\"urlTemplate\":\"https:\\\/\\\/mgops.lwowekslaski.pl\\\/?s={search_term_string}\"},\"query-input\":{\"@type\":\"PropertyValueSpecification\",\"valueRequired\":true,\"valueName\":\"search_term_string\"}}],\"inLanguage\":\"pl-PL\"},{\"@type\":\"Organization\",\"@id\":\"https:\\\/\\\/mgops.lwowekslaski.pl\\\/#organization\",\"name\":\"MGOPS w Lw\u00f3wku \u015al\u0105skim\",\"url\":\"https:\\\/\\\/mgops.lwowekslaski.pl\\\/\",\"logo\":{\"@type\":\"ImageObject\",\"inLanguage\":\"pl-PL\",\"@id\":\"https:\\\/\\\/mgops.lwowekslaski.pl\\\/#\\\/schema\\\/logo\\\/image\\\/\",\"url\":\"https:\\\/\\\/mgops.lwowekslaski.pl\\\/wp-content\\\/uploads\\\/2025\\\/11\\\/cropped-6.png\",\"contentUrl\":\"https:\\\/\\\/mgops.lwowekslaski.pl\\\/wp-content\\\/uploads\\\/2025\\\/11\\\/cropped-6.png\",\"width\":150,\"height\":150,\"caption\":\"MGOPS w Lw\u00f3wku \u015al\u0105skim\"},\"image\":{\"@id\":\"https:\\\/\\\/mgops.lwowekslaski.pl\\\/#\\\/schema\\\/logo\\\/image\\\/\"}}]}<\/script>\n<!-- \/ Yoast SEO plugin. -->","yoast_head_json":{"title":"\u015awiadczenia pieni\u0119\u017cne - MGOPS w Lw\u00f3wku \u015al\u0105skim","robots":{"index":"index","follow":"follow","max-snippet":"max-snippet:-1","max-image-preview":"max-image-preview:large","max-video-preview":"max-video-preview:-1"},"canonical":"https:\/\/mgops.lwowekslaski.pl\/index.php\/pomoc-spoleczna\/swiadczenia-pieniezne\/","og_locale":"pl_PL","og_type":"article","og_title":"\u015awiadczenia pieni\u0119\u017cne - MGOPS w Lw\u00f3wku \u015al\u0105skim","og_description":"Zasi\u0142ek sta\u0142y Jest to \u015bwiadczenie obligatoryjne (obowi\u0105zkowe) przys\u0142uguj\u0105ce na podstawie art. 37 ustawy o pomocy spo\u0142ecznej osobom ca\u0142kowicie niezdolnym do pracy z powodu wieku lub niepe\u0142nosprawno\u015bci, spe\u0142niaj\u0105cym kryterium dochodowe i stanowi uzupe\u0142nienie dochodu tych os\u00f3b do kryterium ustawowego.Zasi\u0142ek sta\u0142y ustala si\u0119 w wysoko\u015bci: w przypadku osoby samotnie gospodaruj\u0105cej &#8211; r\u00f3\u017cnicy [&hellip;]","og_url":"https:\/\/mgops.lwowekslaski.pl\/index.php\/pomoc-spoleczna\/swiadczenia-pieniezne\/","og_site_name":"MGOPS w Lw\u00f3wku \u015al\u0105skim","article_modified_time":"2021-02-11T08:43:49+00:00","og_image":[{"width":1685,"height":1128,"url":"https:\/\/mgops.lwowekslaski.pl\/wp-content\/uploads\/2020\/07\/rodzina.jpg","type":"image\/jpeg"}],"twitter_card":"summary_large_image","twitter_misc":{"Szacowany czas czytania":"3 minuty"},"schema":{"@context":"https:\/\/schema.org","@graph":[{"@type":"WebPage","@id":"https:\/\/mgops.lwowekslaski.pl\/index.php\/pomoc-spoleczna\/swiadczenia-pieniezne\/","url":"https:\/\/mgops.lwowekslaski.pl\/index.php\/pomoc-spoleczna\/swiadczenia-pieniezne\/","name":"\u015awiadczenia pieni\u0119\u017cne - MGOPS w Lw\u00f3wku \u015al\u0105skim","isPartOf":{"@id":"https:\/\/mgops.lwowekslaski.pl\/#website"},"primaryImageOfPage":{"@id":"https:\/\/mgops.lwowekslaski.pl\/index.php\/pomoc-spoleczna\/swiadczenia-pieniezne\/#primaryimage"},"image":{"@id":"https:\/\/mgops.lwowekslaski.pl\/index.php\/pomoc-spoleczna\/swiadczenia-pieniezne\/#primaryimage"},"thumbnailUrl":"https:\/\/mgops.lwowekslaski.pl\/wp-content\/uploads\/2020\/07\/rodzina.jpg","datePublished":"2018-08-01T07:53:30+00:00","dateModified":"2021-02-11T08:43:49+00:00","breadcrumb":{"@id":"https:\/\/mgops.lwowekslaski.pl\/index.php\/pomoc-spoleczna\/swiadczenia-pieniezne\/#breadcrumb"},"inLanguage":"pl-PL","potentialAction":[{"@type":"ReadAction","target":["https:\/\/mgops.lwowekslaski.pl\/index.php\/pomoc-spoleczna\/swiadczenia-pieniezne\/"]}]},{"@type":"ImageObject","inLanguage":"pl-PL","@id":"https:\/\/mgops.lwowekslaski.pl\/index.php\/pomoc-spoleczna\/swiadczenia-pieniezne\/#primaryimage","url":"https:\/\/mgops.lwowekslaski.pl\/wp-content\/uploads\/2020\/07\/rodzina.jpg","contentUrl":"https:\/\/mgops.lwowekslaski.pl\/wp-content\/uploads\/2020\/07\/rodzina.jpg","width":1685,"height":1128},{"@type":"BreadcrumbList","@id":"https:\/\/mgops.lwowekslaski.pl\/index.php\/pomoc-spoleczna\/swiadczenia-pieniezne\/#breadcrumb","itemListElement":[{"@type":"ListItem","position":1,"name":"Strona g\u0142\u00f3wna","item":"https:\/\/mgops.lwowekslaski.pl\/"},{"@type":"ListItem","position":2,"name":"Pomoc spo\u0142eczna","item":"https:\/\/mgops.lwowekslaski.pl\/index.php\/pomoc-spoleczna\/"},{"@type":"ListItem","position":3,"name":"\u015awiadczenia pieni\u0119\u017cne"}]},{"@type":"WebSite","@id":"https:\/\/mgops.lwowekslaski.pl\/#website","url":"https:\/\/mgops.lwowekslaski.pl\/","name":"MGOPS w Lw\u00f3wku \u015al\u0105skim","description":"Miejsko - Gminny O\u015brodek Pomocy Spo\u0142ecznej w Lw\u00f3wku \u015al\u0105skim","publisher":{"@id":"https:\/\/mgops.lwowekslaski.pl\/#organization"},"potentialAction":[{"@type":"SearchAction","target":{"@type":"EntryPoint","urlTemplate":"https:\/\/mgops.lwowekslaski.pl\/?s={search_term_string}"},"query-input":{"@type":"PropertyValueSpecification","valueRequired":true,"valueName":"search_term_string"}}],"inLanguage":"pl-PL"},{"@type":"Organization","@id":"https:\/\/mgops.lwowekslaski.pl\/#organization","name":"MGOPS w Lw\u00f3wku \u015al\u0105skim","url":"https:\/\/mgops.lwowekslaski.pl\/","logo":{"@type":"ImageObject","inLanguage":"pl-PL","@id":"https:\/\/mgops.lwowekslaski.pl\/#\/schema\/logo\/image\/","url":"https:\/\/mgops.lwowekslaski.pl\/wp-content\/uploads\/2025\/11\/cropped-6.png","contentUrl":"https:\/\/mgops.lwowekslaski.pl\/wp-content\/uploads\/2025\/11\/cropped-6.png","width":150,"height":150,"caption":"MGOPS w Lw\u00f3wku \u015al\u0105skim"},"image":{"@id":"https:\/\/mgops.lwowekslaski.pl\/#\/schema\/logo\/image\/"}}]}},"_links":{"self":[{"href":"https:\/\/mgops.lwowekslaski.pl\/index.php\/wp-json\/wp\/v2\/pages\/19","targetHints":{"allow":["GET"]}}],"collection":[{"href":"https:\/\/mgops.lwowekslaski.pl\/index.php\/wp-json\/wp\/v2\/pages"}],"about":[{"href":"https:\/\/mgops.lwowekslaski.pl\/index.php\/wp-json\/wp\/v2\/types\/page"}],"author":[{"embeddable":true,"href":"https:\/\/mgops.lwowekslaski.pl\/index.php\/wp-json\/wp\/v2\/users\/1"}],"replies":[{"embeddable":true,"href":"https:\/\/mgops.lwowekslaski.pl\/index.php\/wp-json\/wp\/v2\/comments?post=19"}],"version-history":[{"count":5,"href":"https:\/\/mgops.lwowekslaski.pl\/index.php\/wp-json\/wp\/v2\/pages\/19\/revisions"}],"predecessor-version":[{"id":447,"href":"https:\/\/mgops.lwowekslaski.pl\/index.php\/wp-json\/wp\/v2\/pages\/19\/revisions\/447"}],"up":[{"embeddable":true,"href":"https:\/\/mgops.lwowekslaski.pl\/index.php\/wp-json\/wp\/v2\/pages\/17"}],"wp:featuredmedia":[{"embeddable":true,"href":"https:\/\/mgops.lwowekslaski.pl\/index.php\/wp-json\/wp\/v2\/media\/268"}],"wp:attachment":[{"href":"https:\/\/mgops.lwowekslaski.pl\/index.php\/wp-json\/wp\/v2\/media?parent=19"}],"curies":[{"name":"wp","href":"https:\/\/api.w.org\/{rel}","templated":true}]}}