{"id":200,"date":"2020-07-15T12:46:42","date_gmt":"2020-07-15T10:46:42","guid":{"rendered":"http:\/\/mgops1.lwowekslaski.pl\/?page_id=200"},"modified":"2025-10-02T09:12:08","modified_gmt":"2025-10-02T07:12:08","slug":"ochrona-danych-osobowych","status":"publish","type":"page","link":"https:\/\/mgops.lwowekslaski.pl\/index.php\/ochrona-danych-osobowych\/","title":{"rendered":"Ochrona danych osobowych"},"content":{"rendered":"\n<p class=\"has-text-align-center\"><strong><strong>Og\u00f3lna klauzula informacyjna<\/strong><\/strong><\/p>\n\n\n<div class=\"wp-block-image\">\n<figure class=\"alignright size-large is-resized\"><a href=\"https:\/\/mgops.lwowekslaski.pl\/wp-content\/uploads\/2020\/07\/KLAZULA-MGOPS-Og\u00f3lna-1.pdf\"><img loading=\"lazy\" decoding=\"async\" width=\"318\" height=\"159\" src=\"http:\/\/mgops1.lwowekslaski.pl\/wp-content\/uploads\/2020\/07\/rodo_KI-1.jpg\" alt=\"\" class=\"wp-image-231\" style=\"width:225px;height:113px\" srcset=\"https:\/\/mgops.lwowekslaski.pl\/wp-content\/uploads\/2020\/07\/rodo_KI-1.jpg 318w, https:\/\/mgops.lwowekslaski.pl\/wp-content\/uploads\/2020\/07\/rodo_KI-1-300x150.jpg 300w\" sizes=\"auto, (max-width: 318px) 100vw, 318px\" \/><\/a><\/figure>\n<\/div>\n\n\n<p>W zwi\u0105zku z realizacj\u0105 wymog\u00f3w art.13 Rozporz\u0105dzenia Parlamentu Europejskiego i Rady (UE) 2016\/679 z dnia 27 kwietnia 2016 r. w sprawie ochrony os\u00f3b fizycznych w zwi\u0105zku z przetwarzaniem danych osobowych i w sprawie swobodnego przep\u0142ywu takich danych oraz uchylenia dyrektywy 95\/46\/WE (og\u00f3lne rozporz\u0105dzenie o ochronie danych \u201eRODO\u201d), informujemy o zasadach przetwarzania Pani\/Pana danych osobowych oraz o przys\u0142uguj\u0105cych Pani\/Panu prawach z tym zwi\u0105zanych.<\/p>\n\n\n\n<ol start=\"1\" class=\"wp-block-list\">\n<li>Administratorem przetwarzanych Pani\/Pana danych osobowych jest\u00a0Miejsko &#8211; Gminny O\u015brodek Pomocy Spo\u0142ecznej w Lw\u00f3wku \u015al\u0105skim adres : aleja Wojska Polskiego 27, 59-600 Lw\u00f3wek \u015al\u0105ski, tel.: 75 645 32 32, mail : <a href=\"mailto:mgops@lwowekslaski.pl\">mgops@lwowekslaski.pl<\/a>\u00a0 lub w ramach sprawowania w\u0142adzy publicznej powierzonej administratorowi Administratorem przetwarzanych Pani\/Pana danych osobowych jest Kierownik Miejsko &#8211; Gminnego O\u015brodka Pomocy Spo\u0142ecznej w Lw\u00f3wku \u015al\u0105skim adres : aleja Wojska Polskiego 27, 59-600 Lw\u00f3wek \u015al\u0105ski, tel.: 75 645 32 32, mail : mgops@lwowekslaski.pl.<\/li>\n\n\n\n<li>W sprawie pyta\u0144 dotycz\u0105cych sposobu i zakresu przetwarzania Pani\/Pana danych osobowych a tak\u017ce przys\u0142uguj\u0105cych Pani\/Panu uprawnie\u0144, mo\u017ce si\u0119 Pani\/Pan skontaktowa\u0107, z wyznaczonym przez Administratora Inspektorem Ochrony Danych za pomoc\u0105 poczty mailowej na adres <a href=\"mailto:iod@eventjgora.pl\">iod@eventjgora.pl<\/a> , tradycyjn\u0105 poczt\u0105 mailow\u0105 lub osobi\u015bcie w siedzibie Administratora.<\/li>\n\n\n\n<li>Administrator danych osobowych przetwarza Pani\/Pana dane osobowe na podstawie obowi\u0105zuj\u0105cych przepis\u00f3w prawa zgodnie z art. 6 ust.1 lit. c rozporz\u0105dzenia, przygotowanie i realizacji zawartych um\u00f3w zgodnie z art. 6 ust.1 lit. b rozporz\u0105dzenia, przetwarzanie jest niezb\u0119dne do wykonania zadania realizowanego w interesie publicznym lub w ramach sprawowania w\u0142adzy publicznej powierzonej administratorowi sprawowania w\u0142adzy na podstawie art. 6 ust.1 lit. e rozporz\u0105dzania, w przypadkach, gdy przetwarzanie jest niezb\u0119dne do ochrony \u017cywotnych interes\u00f3w osoby, kt\u00f3rej dane dotycz\u0105, lub innej osoby fizycznej na podstawie art. 6 ust.1 lit. d oraz w szczeg\u00f3lnych przypadkach na podstawie udzielonej zgody zgodnie z art. 6 ust.1 lit. a rozporz\u0105dzenia.<\/li>\n\n\n\n<li>W zwi\u0105zku z przetwarzaniem danych osobowych w celach, o kt\u00f3rych mowa w pkt 3 odbiorcami Pani\/Pana danych osobowych mog\u0105 by\u0107:\n<ul class=\"wp-block-list\">\n<li>organy w\u0142adzy publicznej oraz podmioty wykonuj\u0105ce zadania publiczne lub dzia\u0142aj\u0105ce na zlecenie organ\u00f3w w\u0142adzy publicznej, w zakresie i w celach, kt\u00f3re wynikaj\u0105 z przepis\u00f3w powszechnie obowi\u0105zuj\u0105cego prawa;<\/li>\n\n\n\n<li>podmiotom dostarczaj\u0105cym lub utrzymuj\u0105cym infrastruktur\u0119 IT Administratora, podmiotom i osobom \u015bwiadcz\u0105cym us\u0142ugi ochrony mienia lub os\u00f3b Administratora, podmiotom i osobom \u015bwiadcz\u0105cym na rzecz Administratora us\u0142ugi ubezpieczeniowe, us\u0142ugi prawne oraz innym podmiotom, kt\u00f3rym Administrator w celu wykonywania praw i obowi\u0105zk\u00f3w wynikaj\u0105cych z zawartych um\u00f3w cywilnoprawnych powierzy\u0142 dane osobowe (procesorom), a tak\u017ce organom uprawnionym do otrzymywania danych osobowych na podstawie przepis\u00f3w prawa. organom w\u0142adzy publicznej oraz podmiotom wykonuj\u0105cym zadania publiczne lub dzia\u0142aj\u0105cych na zlecenie organ\u00f3w w\u0142adzy publicznej, w zakresie i w celach, kt\u00f3re wynikaj\u0105 z przepis\u00f3w powszechnie obowi\u0105zuj\u0105cego prawa;<\/li>\n<\/ul>\n<\/li>\n\n\n\n<li>Dane nie b\u0119d\u0105 przekazywane poza EIG.<\/li>\n\n\n\n<li>Pani\/Pana dane osobowe b\u0119d\u0105 przechowywane przez okres niezb\u0119dny do realizacji cel\u00f3w okre\u015blonych w pkt 4, a po tym czasie przez okres oraz w zakresie wymaganym przez przepisy powszechnie obowi\u0105zuj\u0105cego prawa.<\/li>\n\n\n\n<li>W zwi\u0105zku z przetwarzaniem Pani\/Pana danych osobowych przys\u0142uguj\u0105 Pani\/Panu nast\u0119puj\u0105ce uprawnienia:\n<ul class=\"wp-block-list\">\n<li>prawo dost\u0119pu do danych osobowych, w tym prawo do uzyskania kopii tych danych na podstawie art. 15 RODO;<\/li>\n\n\n\n<li>prawo do \u017c\u0105dania sprostowania (poprawiania) danych osobowych \u2013 w przypadku, gdy dane s\u0105 nieprawid\u0142owe lub niekompletne na podstawie art. 16 RODO;<\/li>\n\n\n\n<li>prawo do \u017c\u0105dania usuni\u0119cia danych osobowych na podstawie art. 17 RODO ;<\/li>\n\n\n\n<li>prawo do \u017c\u0105dania ograniczenia przetwarzania danych osobowych na podstawie art. 18;<\/li>\n\n\n\n<li>prawo do przenoszenia danych na podstawie art. 20;<\/li>\n\n\n\n<li>prawo sprzeciwu wobec przetwarzania danych na podstawie art. 21.<\/li>\n<\/ul>\n<\/li>\n\n\n\n<li>W przypadku gdy przetwarzanie danych osobowych odbywa si\u0119 na podstawie zgody osoby na przetwarzanie danych osobowych (art. 6 ust. 1 lit a RODO), przys\u0142uguje Pani\/Panu prawo do cofni\u0119cia tej zgody w dowolnym momencie. Cofni\u0119cie to nie ma wp\u0142ywu na zgodno\u015b\u0107 przetwarzania, kt\u00f3rego dokonano na podstawie zgody przed jej cofni\u0119ciem, z obowi\u0105zuj\u0105cym prawem.<\/li>\n\n\n\n<li>W sytuacji, gdy przetwarzanie danych osobowych odbywa si\u0119 na podstawie zgody osoby, kt\u00f3rej dane dotycz\u0105, podanie przez Pani\u0105\/Pana danych osobowych Administratorowi ma charakter dobrowolny.<\/li>\n\n\n\n<li>W przypadku powzi\u0119cia informacji o niezgodnym z prawem przetwarzaniu Pani\/Pana danych osobowych przez Administratora, przys\u0142uguje Pani\/Panu prawo wniesienia skargi do Prezesa UODO na adres Urz\u0119du Ochrony Danych Osobowych.<\/li>\n\n\n\n<li>Podanie przez Pani\u0105\/Pana danych osobowych jest obowi\u0105zkowe, w sytuacji, gdy przes\u0142ank\u0119 przetwarzania danych osobowych stanowi przepis prawa lub zawarta mi\u0119dzy stronami umowa.<\/li>\n\n\n\n<li>W oparciu o Pani\/Pana dane nie b\u0119d\u0105 podejmowane w spos\u00f3b zautomatyzowany decyzje i nie b\u0119dzie prowadzone profilowanie.<\/li>\n<\/ol>\n\n\n\n<p><strong>Inspektor Ochrony Danych w&nbsp;MGOPS<\/strong><\/p>\n\n\n\n<p>PUNKT KONTAKTOWY<br>Inspektor Ochrony Danych<br>Leszek Malinowski\u00a0<br>mail : <a href=\"mailto:iod@eventjgora.pl\">iod@eventjgora.pl<\/a>\u00a0<br>tel. kom.698642854<\/p>\n\n\n","protected":false},"excerpt":{"rendered":"<p>Og\u00f3lna klauzula informacyjna W zwi\u0105zku z realizacj\u0105 wymog\u00f3w art.13 Rozporz\u0105dzenia Parlamentu Europejskiego i Rady (UE) 2016\/679 z dnia 27 kwietnia 2016 r. w sprawie ochrony os\u00f3b fizycznych w zwi\u0105zku z przetwarzaniem danych osobowych i w sprawie swobodnego przep\u0142ywu takich danych oraz uchylenia dyrektywy 95\/46\/WE (og\u00f3lne rozporz\u0105dzenie o ochronie danych \u201eRODO\u201d), [&hellip;]<\/p>\n","protected":false},"author":1,"featured_media":0,"parent":0,"menu_order":0,"comment_status":"closed","ping_status":"closed","template":"","meta":{"_cbd_carousel_blocks":"[]","_themeisle_gutenberg_block_has_review":false,"footnotes":""},"class_list":["post-200","page","type-page","status-publish","hentry"],"yoast_head":"<!-- This site is optimized with the Yoast SEO plugin v27.5 - https:\/\/yoast.com\/product\/yoast-seo-wordpress\/ -->\n<title>Ochrona danych osobowych - MGOPS w Lw\u00f3wku \u015al\u0105skim<\/title>\n<meta name=\"robots\" content=\"index, follow, max-snippet:-1, max-image-preview:large, max-video-preview:-1\" \/>\n<link rel=\"canonical\" href=\"https:\/\/mgops.lwowekslaski.pl\/index.php\/ochrona-danych-osobowych\/\" \/>\n<meta property=\"og:locale\" content=\"pl_PL\" \/>\n<meta property=\"og:type\" content=\"article\" \/>\n<meta property=\"og:title\" content=\"Ochrona danych osobowych - MGOPS w Lw\u00f3wku \u015al\u0105skim\" \/>\n<meta property=\"og:description\" content=\"Og\u00f3lna klauzula informacyjna W zwi\u0105zku z realizacj\u0105 wymog\u00f3w art.13 Rozporz\u0105dzenia Parlamentu Europejskiego i Rady (UE) 2016\/679 z dnia 27 kwietnia 2016 r. w sprawie ochrony os\u00f3b fizycznych w zwi\u0105zku z przetwarzaniem danych osobowych i w sprawie swobodnego przep\u0142ywu takich danych oraz uchylenia dyrektywy 95\/46\/WE (og\u00f3lne rozporz\u0105dzenie o ochronie danych \u201eRODO\u201d), [&hellip;]\" \/>\n<meta property=\"og:url\" content=\"https:\/\/mgops.lwowekslaski.pl\/index.php\/ochrona-danych-osobowych\/\" \/>\n<meta property=\"og:site_name\" content=\"MGOPS w Lw\u00f3wku \u015al\u0105skim\" \/>\n<meta property=\"article:modified_time\" content=\"2025-10-02T07:12:08+00:00\" \/>\n<meta property=\"og:image\" content=\"https:\/\/mgops.lwowekslaski.pl\/wp-content\/uploads\/2020\/07\/rodo_KI-1.jpg\" \/>\n\t<meta property=\"og:image:width\" content=\"318\" \/>\n\t<meta property=\"og:image:height\" content=\"159\" \/>\n\t<meta property=\"og:image:type\" content=\"image\/jpeg\" \/>\n<meta name=\"twitter:card\" content=\"summary_large_image\" \/>\n<meta name=\"twitter:label1\" content=\"Szacowany czas czytania\" \/>\n\t<meta name=\"twitter:data1\" content=\"5 minut\" \/>\n<script type=\"application\/ld+json\" class=\"yoast-schema-graph\">{\"@context\":\"https:\\\/\\\/schema.org\",\"@graph\":[{\"@type\":\"WebPage\",\"@id\":\"https:\\\/\\\/mgops.lwowekslaski.pl\\\/index.php\\\/ochrona-danych-osobowych\\\/\",\"url\":\"https:\\\/\\\/mgops.lwowekslaski.pl\\\/index.php\\\/ochrona-danych-osobowych\\\/\",\"name\":\"Ochrona danych osobowych - MGOPS w Lw\u00f3wku \u015al\u0105skim\",\"isPartOf\":{\"@id\":\"https:\\\/\\\/mgops.lwowekslaski.pl\\\/#website\"},\"primaryImageOfPage\":{\"@id\":\"https:\\\/\\\/mgops.lwowekslaski.pl\\\/index.php\\\/ochrona-danych-osobowych\\\/#primaryimage\"},\"image\":{\"@id\":\"https:\\\/\\\/mgops.lwowekslaski.pl\\\/index.php\\\/ochrona-danych-osobowych\\\/#primaryimage\"},\"thumbnailUrl\":\"http:\\\/\\\/mgops1.lwowekslaski.pl\\\/wp-content\\\/uploads\\\/2020\\\/07\\\/rodo_KI-1.jpg\",\"datePublished\":\"2020-07-15T10:46:42+00:00\",\"dateModified\":\"2025-10-02T07:12:08+00:00\",\"breadcrumb\":{\"@id\":\"https:\\\/\\\/mgops.lwowekslaski.pl\\\/index.php\\\/ochrona-danych-osobowych\\\/#breadcrumb\"},\"inLanguage\":\"pl-PL\",\"potentialAction\":[{\"@type\":\"ReadAction\",\"target\":[\"https:\\\/\\\/mgops.lwowekslaski.pl\\\/index.php\\\/ochrona-danych-osobowych\\\/\"]}]},{\"@type\":\"ImageObject\",\"inLanguage\":\"pl-PL\",\"@id\":\"https:\\\/\\\/mgops.lwowekslaski.pl\\\/index.php\\\/ochrona-danych-osobowych\\\/#primaryimage\",\"url\":\"http:\\\/\\\/mgops1.lwowekslaski.pl\\\/wp-content\\\/uploads\\\/2020\\\/07\\\/rodo_KI-1.jpg\",\"contentUrl\":\"http:\\\/\\\/mgops1.lwowekslaski.pl\\\/wp-content\\\/uploads\\\/2020\\\/07\\\/rodo_KI-1.jpg\"},{\"@type\":\"BreadcrumbList\",\"@id\":\"https:\\\/\\\/mgops.lwowekslaski.pl\\\/index.php\\\/ochrona-danych-osobowych\\\/#breadcrumb\",\"itemListElement\":[{\"@type\":\"ListItem\",\"position\":1,\"name\":\"Strona g\u0142\u00f3wna\",\"item\":\"https:\\\/\\\/mgops.lwowekslaski.pl\\\/\"},{\"@type\":\"ListItem\",\"position\":2,\"name\":\"Ochrona danych osobowych\"}]},{\"@type\":\"WebSite\",\"@id\":\"https:\\\/\\\/mgops.lwowekslaski.pl\\\/#website\",\"url\":\"https:\\\/\\\/mgops.lwowekslaski.pl\\\/\",\"name\":\"MGOPS w Lw\u00f3wku \u015al\u0105skim\",\"description\":\"Miejsko - Gminny O\u015brodek Pomocy Spo\u0142ecznej w Lw\u00f3wku \u015al\u0105skim\",\"publisher\":{\"@id\":\"https:\\\/\\\/mgops.lwowekslaski.pl\\\/#organization\"},\"potentialAction\":[{\"@type\":\"SearchAction\",\"target\":{\"@type\":\"EntryPoint\",\"urlTemplate\":\"https:\\\/\\\/mgops.lwowekslaski.pl\\\/?s={search_term_string}\"},\"query-input\":{\"@type\":\"PropertyValueSpecification\",\"valueRequired\":true,\"valueName\":\"search_term_string\"}}],\"inLanguage\":\"pl-PL\"},{\"@type\":\"Organization\",\"@id\":\"https:\\\/\\\/mgops.lwowekslaski.pl\\\/#organization\",\"name\":\"MGOPS w Lw\u00f3wku \u015al\u0105skim\",\"url\":\"https:\\\/\\\/mgops.lwowekslaski.pl\\\/\",\"logo\":{\"@type\":\"ImageObject\",\"inLanguage\":\"pl-PL\",\"@id\":\"https:\\\/\\\/mgops.lwowekslaski.pl\\\/#\\\/schema\\\/logo\\\/image\\\/\",\"url\":\"https:\\\/\\\/mgops.lwowekslaski.pl\\\/wp-content\\\/uploads\\\/2025\\\/11\\\/cropped-6.png\",\"contentUrl\":\"https:\\\/\\\/mgops.lwowekslaski.pl\\\/wp-content\\\/uploads\\\/2025\\\/11\\\/cropped-6.png\",\"width\":150,\"height\":150,\"caption\":\"MGOPS w Lw\u00f3wku \u015al\u0105skim\"},\"image\":{\"@id\":\"https:\\\/\\\/mgops.lwowekslaski.pl\\\/#\\\/schema\\\/logo\\\/image\\\/\"}}]}<\/script>\n<!-- \/ Yoast SEO plugin. -->","yoast_head_json":{"title":"Ochrona danych osobowych - MGOPS w Lw\u00f3wku \u015al\u0105skim","robots":{"index":"index","follow":"follow","max-snippet":"max-snippet:-1","max-image-preview":"max-image-preview:large","max-video-preview":"max-video-preview:-1"},"canonical":"https:\/\/mgops.lwowekslaski.pl\/index.php\/ochrona-danych-osobowych\/","og_locale":"pl_PL","og_type":"article","og_title":"Ochrona danych osobowych - MGOPS w Lw\u00f3wku \u015al\u0105skim","og_description":"Og\u00f3lna klauzula informacyjna W zwi\u0105zku z realizacj\u0105 wymog\u00f3w art.13 Rozporz\u0105dzenia Parlamentu Europejskiego i Rady (UE) 2016\/679 z dnia 27 kwietnia 2016 r. w sprawie ochrony os\u00f3b fizycznych w zwi\u0105zku z przetwarzaniem danych osobowych i w sprawie swobodnego przep\u0142ywu takich danych oraz uchylenia dyrektywy 95\/46\/WE (og\u00f3lne rozporz\u0105dzenie o ochronie danych \u201eRODO\u201d), [&hellip;]","og_url":"https:\/\/mgops.lwowekslaski.pl\/index.php\/ochrona-danych-osobowych\/","og_site_name":"MGOPS w Lw\u00f3wku \u015al\u0105skim","article_modified_time":"2025-10-02T07:12:08+00:00","og_image":[{"width":318,"height":159,"url":"https:\/\/mgops.lwowekslaski.pl\/wp-content\/uploads\/2020\/07\/rodo_KI-1.jpg","type":"image\/jpeg"}],"twitter_card":"summary_large_image","twitter_misc":{"Szacowany czas czytania":"5 minut"},"schema":{"@context":"https:\/\/schema.org","@graph":[{"@type":"WebPage","@id":"https:\/\/mgops.lwowekslaski.pl\/index.php\/ochrona-danych-osobowych\/","url":"https:\/\/mgops.lwowekslaski.pl\/index.php\/ochrona-danych-osobowych\/","name":"Ochrona danych osobowych - MGOPS w Lw\u00f3wku \u015al\u0105skim","isPartOf":{"@id":"https:\/\/mgops.lwowekslaski.pl\/#website"},"primaryImageOfPage":{"@id":"https:\/\/mgops.lwowekslaski.pl\/index.php\/ochrona-danych-osobowych\/#primaryimage"},"image":{"@id":"https:\/\/mgops.lwowekslaski.pl\/index.php\/ochrona-danych-osobowych\/#primaryimage"},"thumbnailUrl":"http:\/\/mgops1.lwowekslaski.pl\/wp-content\/uploads\/2020\/07\/rodo_KI-1.jpg","datePublished":"2020-07-15T10:46:42+00:00","dateModified":"2025-10-02T07:12:08+00:00","breadcrumb":{"@id":"https:\/\/mgops.lwowekslaski.pl\/index.php\/ochrona-danych-osobowych\/#breadcrumb"},"inLanguage":"pl-PL","potentialAction":[{"@type":"ReadAction","target":["https:\/\/mgops.lwowekslaski.pl\/index.php\/ochrona-danych-osobowych\/"]}]},{"@type":"ImageObject","inLanguage":"pl-PL","@id":"https:\/\/mgops.lwowekslaski.pl\/index.php\/ochrona-danych-osobowych\/#primaryimage","url":"http:\/\/mgops1.lwowekslaski.pl\/wp-content\/uploads\/2020\/07\/rodo_KI-1.jpg","contentUrl":"http:\/\/mgops1.lwowekslaski.pl\/wp-content\/uploads\/2020\/07\/rodo_KI-1.jpg"},{"@type":"BreadcrumbList","@id":"https:\/\/mgops.lwowekslaski.pl\/index.php\/ochrona-danych-osobowych\/#breadcrumb","itemListElement":[{"@type":"ListItem","position":1,"name":"Strona g\u0142\u00f3wna","item":"https:\/\/mgops.lwowekslaski.pl\/"},{"@type":"ListItem","position":2,"name":"Ochrona danych osobowych"}]},{"@type":"WebSite","@id":"https:\/\/mgops.lwowekslaski.pl\/#website","url":"https:\/\/mgops.lwowekslaski.pl\/","name":"MGOPS w Lw\u00f3wku \u015al\u0105skim","description":"Miejsko - Gminny O\u015brodek Pomocy Spo\u0142ecznej w Lw\u00f3wku \u015al\u0105skim","publisher":{"@id":"https:\/\/mgops.lwowekslaski.pl\/#organization"},"potentialAction":[{"@type":"SearchAction","target":{"@type":"EntryPoint","urlTemplate":"https:\/\/mgops.lwowekslaski.pl\/?s={search_term_string}"},"query-input":{"@type":"PropertyValueSpecification","valueRequired":true,"valueName":"search_term_string"}}],"inLanguage":"pl-PL"},{"@type":"Organization","@id":"https:\/\/mgops.lwowekslaski.pl\/#organization","name":"MGOPS w Lw\u00f3wku \u015al\u0105skim","url":"https:\/\/mgops.lwowekslaski.pl\/","logo":{"@type":"ImageObject","inLanguage":"pl-PL","@id":"https:\/\/mgops.lwowekslaski.pl\/#\/schema\/logo\/image\/","url":"https:\/\/mgops.lwowekslaski.pl\/wp-content\/uploads\/2025\/11\/cropped-6.png","contentUrl":"https:\/\/mgops.lwowekslaski.pl\/wp-content\/uploads\/2025\/11\/cropped-6.png","width":150,"height":150,"caption":"MGOPS w Lw\u00f3wku \u015al\u0105skim"},"image":{"@id":"https:\/\/mgops.lwowekslaski.pl\/#\/schema\/logo\/image\/"}}]}},"_links":{"self":[{"href":"https:\/\/mgops.lwowekslaski.pl\/index.php\/wp-json\/wp\/v2\/pages\/200","targetHints":{"allow":["GET"]}}],"collection":[{"href":"https:\/\/mgops.lwowekslaski.pl\/index.php\/wp-json\/wp\/v2\/pages"}],"about":[{"href":"https:\/\/mgops.lwowekslaski.pl\/index.php\/wp-json\/wp\/v2\/types\/page"}],"author":[{"embeddable":true,"href":"https:\/\/mgops.lwowekslaski.pl\/index.php\/wp-json\/wp\/v2\/users\/1"}],"replies":[{"embeddable":true,"href":"https:\/\/mgops.lwowekslaski.pl\/index.php\/wp-json\/wp\/v2\/comments?post=200"}],"version-history":[{"count":6,"href":"https:\/\/mgops.lwowekslaski.pl\/index.php\/wp-json\/wp\/v2\/pages\/200\/revisions"}],"predecessor-version":[{"id":998,"href":"https:\/\/mgops.lwowekslaski.pl\/index.php\/wp-json\/wp\/v2\/pages\/200\/revisions\/998"}],"wp:attachment":[{"href":"https:\/\/mgops.lwowekslaski.pl\/index.php\/wp-json\/wp\/v2\/media?parent=200"}],"curies":[{"name":"wp","href":"https:\/\/api.w.org\/{rel}","templated":true}]}}