{"id":209,"date":"2020-07-15T13:38:44","date_gmt":"2020-07-15T11:38:44","guid":{"rendered":"http:\/\/mgops1.lwowekslaski.pl\/?page_id=209"},"modified":"2025-12-12T13:54:26","modified_gmt":"2025-12-12T12:54:26","slug":"kontakt","status":"publish","type":"page","link":"https:\/\/mgops.lwowekslaski.pl\/index.php\/kontakt\/","title":{"rendered":"Kontakt"},"content":{"rendered":"\n<p>Miejsko &#8211; Gminny O\u015brodek Pomocy Spo\u0142ecznej w Lw\u00f3wku \u015al\u0105skim<br>Aleja Wojska Polskiego 27<br>59-600 Lw\u00f3wek \u015al\u0105ski<br>woj. dolno\u015bl\u0105skie<\/p>\n\n\n\n<p>tel. 75 645 32 32<br>mgops@lwowekslaski.pl<br>Adres skrzynki eDor\u0119cze\u0144: AE:PL-67520-81062-WABCG-23 <br>Adres skrzynki podawczej ePUAP: \/afpb763m46\/SkrytkaESP<\/p>\n\n\n\n<p><a href=\"https:\/\/maps.app.goo.gl\/WBTx23vxMSkuYoP96\" target=\"_blank\" rel=\"noreferrer noopener\">https:\/\/maps.app.goo.gl\/WBTx23vxMSkuYoP96<\/a><\/p>\n\n\n\n<p><\/p>\n","protected":false},"excerpt":{"rendered":"<p>Miejsko &#8211; Gminny O\u015brodek Pomocy Spo\u0142ecznej w Lw\u00f3wku \u015al\u0105skimAleja Wojska Polskiego 2759-600 Lw\u00f3wek \u015al\u0105skiwoj. dolno\u015bl\u0105skie tel. 75 645 32 32mgops@lwowekslaski.plAdres skrzynki eDor\u0119cze\u0144: AE:PL-67520-81062-WABCG-23 Adres skrzynki podawczej ePUAP: \/afpb763m46\/SkrytkaESP https:\/\/maps.app.goo.gl\/WBTx23vxMSkuYoP96<\/p>\n","protected":false},"author":1,"featured_media":0,"parent":0,"menu_order":0,"comment_status":"closed","ping_status":"closed","template":"","meta":{"_cbd_carousel_blocks":"[]","_themeisle_gutenberg_block_has_review":false,"footnotes":""},"class_list":["post-209","page","type-page","status-publish","hentry"],"yoast_head":"<!-- This site is optimized with the Yoast SEO plugin v27.6 - https:\/\/yoast.com\/product\/yoast-seo-wordpress\/ -->\n<title>Kontakt - MGOPS w Lw\u00f3wku \u015al\u0105skim<\/title>\n<meta name=\"robots\" content=\"index, follow, max-snippet:-1, max-image-preview:large, max-video-preview:-1\" \/>\n<link rel=\"canonical\" href=\"https:\/\/mgops.lwowekslaski.pl\/index.php\/kontakt\/\" \/>\n<meta property=\"og:locale\" content=\"pl_PL\" \/>\n<meta property=\"og:type\" content=\"article\" \/>\n<meta property=\"og:title\" content=\"Kontakt - MGOPS w Lw\u00f3wku \u015al\u0105skim\" \/>\n<meta property=\"og:description\" content=\"Miejsko &#8211; Gminny O\u015brodek Pomocy Spo\u0142ecznej w Lw\u00f3wku \u015al\u0105skimAleja Wojska Polskiego 2759-600 Lw\u00f3wek \u015al\u0105skiwoj. dolno\u015bl\u0105skie tel. 75 645 32 32mgops@lwowekslaski.plAdres skrzynki eDor\u0119cze\u0144: AE:PL-67520-81062-WABCG-23 Adres skrzynki podawczej ePUAP: \/afpb763m46\/SkrytkaESP https:\/\/maps.app.goo.gl\/WBTx23vxMSkuYoP96\" \/>\n<meta property=\"og:url\" content=\"https:\/\/mgops.lwowekslaski.pl\/index.php\/kontakt\/\" \/>\n<meta property=\"og:site_name\" content=\"MGOPS w Lw\u00f3wku \u015al\u0105skim\" \/>\n<meta property=\"article:modified_time\" content=\"2025-12-12T12:54:26+00:00\" \/>\n<meta name=\"twitter:card\" content=\"summary_large_image\" \/>\n<meta name=\"twitter:label1\" content=\"Szacowany czas czytania\" \/>\n\t<meta name=\"twitter:data1\" content=\"1 minuta\" \/>\n<script type=\"application\/ld+json\" class=\"yoast-schema-graph\">{\"@context\":\"https:\\\/\\\/schema.org\",\"@graph\":[{\"@type\":\"WebPage\",\"@id\":\"https:\\\/\\\/mgops.lwowekslaski.pl\\\/index.php\\\/kontakt\\\/\",\"url\":\"https:\\\/\\\/mgops.lwowekslaski.pl\\\/index.php\\\/kontakt\\\/\",\"name\":\"Kontakt - MGOPS w Lw\u00f3wku \u015al\u0105skim\",\"isPartOf\":{\"@id\":\"https:\\\/\\\/mgops.lwowekslaski.pl\\\/#website\"},\"datePublished\":\"2020-07-15T11:38:44+00:00\",\"dateModified\":\"2025-12-12T12:54:26+00:00\",\"breadcrumb\":{\"@id\":\"https:\\\/\\\/mgops.lwowekslaski.pl\\\/index.php\\\/kontakt\\\/#breadcrumb\"},\"inLanguage\":\"pl-PL\",\"potentialAction\":[{\"@type\":\"ReadAction\",\"target\":[\"https:\\\/\\\/mgops.lwowekslaski.pl\\\/index.php\\\/kontakt\\\/\"]}]},{\"@type\":\"BreadcrumbList\",\"@id\":\"https:\\\/\\\/mgops.lwowekslaski.pl\\\/index.php\\\/kontakt\\\/#breadcrumb\",\"itemListElement\":[{\"@type\":\"ListItem\",\"position\":1,\"name\":\"Strona g\u0142\u00f3wna\",\"item\":\"https:\\\/\\\/mgops.lwowekslaski.pl\\\/\"},{\"@type\":\"ListItem\",\"position\":2,\"name\":\"Kontakt\"}]},{\"@type\":\"WebSite\",\"@id\":\"https:\\\/\\\/mgops.lwowekslaski.pl\\\/#website\",\"url\":\"https:\\\/\\\/mgops.lwowekslaski.pl\\\/\",\"name\":\"MGOPS w Lw\u00f3wku \u015al\u0105skim\",\"description\":\"Miejsko - Gminny O\u015brodek Pomocy Spo\u0142ecznej w Lw\u00f3wku \u015al\u0105skim\",\"publisher\":{\"@id\":\"https:\\\/\\\/mgops.lwowekslaski.pl\\\/#organization\"},\"potentialAction\":[{\"@type\":\"SearchAction\",\"target\":{\"@type\":\"EntryPoint\",\"urlTemplate\":\"https:\\\/\\\/mgops.lwowekslaski.pl\\\/?s={search_term_string}\"},\"query-input\":{\"@type\":\"PropertyValueSpecification\",\"valueRequired\":true,\"valueName\":\"search_term_string\"}}],\"inLanguage\":\"pl-PL\"},{\"@type\":\"Organization\",\"@id\":\"https:\\\/\\\/mgops.lwowekslaski.pl\\\/#organization\",\"name\":\"MGOPS w Lw\u00f3wku \u015al\u0105skim\",\"url\":\"https:\\\/\\\/mgops.lwowekslaski.pl\\\/\",\"logo\":{\"@type\":\"ImageObject\",\"inLanguage\":\"pl-PL\",\"@id\":\"https:\\\/\\\/mgops.lwowekslaski.pl\\\/#\\\/schema\\\/logo\\\/image\\\/\",\"url\":\"https:\\\/\\\/mgops.lwowekslaski.pl\\\/wp-content\\\/uploads\\\/2025\\\/11\\\/cropped-6.png\",\"contentUrl\":\"https:\\\/\\\/mgops.lwowekslaski.pl\\\/wp-content\\\/uploads\\\/2025\\\/11\\\/cropped-6.png\",\"width\":150,\"height\":150,\"caption\":\"MGOPS w Lw\u00f3wku \u015al\u0105skim\"},\"image\":{\"@id\":\"https:\\\/\\\/mgops.lwowekslaski.pl\\\/#\\\/schema\\\/logo\\\/image\\\/\"}}]}<\/script>\n<!-- \/ Yoast SEO plugin. -->","yoast_head_json":{"title":"Kontakt - MGOPS w Lw\u00f3wku \u015al\u0105skim","robots":{"index":"index","follow":"follow","max-snippet":"max-snippet:-1","max-image-preview":"max-image-preview:large","max-video-preview":"max-video-preview:-1"},"canonical":"https:\/\/mgops.lwowekslaski.pl\/index.php\/kontakt\/","og_locale":"pl_PL","og_type":"article","og_title":"Kontakt - MGOPS w Lw\u00f3wku \u015al\u0105skim","og_description":"Miejsko &#8211; Gminny O\u015brodek Pomocy Spo\u0142ecznej w Lw\u00f3wku \u015al\u0105skimAleja Wojska Polskiego 2759-600 Lw\u00f3wek \u015al\u0105skiwoj. dolno\u015bl\u0105skie tel. 75 645 32 32mgops@lwowekslaski.plAdres skrzynki eDor\u0119cze\u0144: AE:PL-67520-81062-WABCG-23 Adres skrzynki podawczej ePUAP: \/afpb763m46\/SkrytkaESP https:\/\/maps.app.goo.gl\/WBTx23vxMSkuYoP96","og_url":"https:\/\/mgops.lwowekslaski.pl\/index.php\/kontakt\/","og_site_name":"MGOPS w Lw\u00f3wku \u015al\u0105skim","article_modified_time":"2025-12-12T12:54:26+00:00","twitter_card":"summary_large_image","twitter_misc":{"Szacowany czas czytania":"1 minuta"},"schema":{"@context":"https:\/\/schema.org","@graph":[{"@type":"WebPage","@id":"https:\/\/mgops.lwowekslaski.pl\/index.php\/kontakt\/","url":"https:\/\/mgops.lwowekslaski.pl\/index.php\/kontakt\/","name":"Kontakt - MGOPS w Lw\u00f3wku \u015al\u0105skim","isPartOf":{"@id":"https:\/\/mgops.lwowekslaski.pl\/#website"},"datePublished":"2020-07-15T11:38:44+00:00","dateModified":"2025-12-12T12:54:26+00:00","breadcrumb":{"@id":"https:\/\/mgops.lwowekslaski.pl\/index.php\/kontakt\/#breadcrumb"},"inLanguage":"pl-PL","potentialAction":[{"@type":"ReadAction","target":["https:\/\/mgops.lwowekslaski.pl\/index.php\/kontakt\/"]}]},{"@type":"BreadcrumbList","@id":"https:\/\/mgops.lwowekslaski.pl\/index.php\/kontakt\/#breadcrumb","itemListElement":[{"@type":"ListItem","position":1,"name":"Strona g\u0142\u00f3wna","item":"https:\/\/mgops.lwowekslaski.pl\/"},{"@type":"ListItem","position":2,"name":"Kontakt"}]},{"@type":"WebSite","@id":"https:\/\/mgops.lwowekslaski.pl\/#website","url":"https:\/\/mgops.lwowekslaski.pl\/","name":"MGOPS w Lw\u00f3wku \u015al\u0105skim","description":"Miejsko - Gminny O\u015brodek Pomocy Spo\u0142ecznej w Lw\u00f3wku \u015al\u0105skim","publisher":{"@id":"https:\/\/mgops.lwowekslaski.pl\/#organization"},"potentialAction":[{"@type":"SearchAction","target":{"@type":"EntryPoint","urlTemplate":"https:\/\/mgops.lwowekslaski.pl\/?s={search_term_string}"},"query-input":{"@type":"PropertyValueSpecification","valueRequired":true,"valueName":"search_term_string"}}],"inLanguage":"pl-PL"},{"@type":"Organization","@id":"https:\/\/mgops.lwowekslaski.pl\/#organization","name":"MGOPS w Lw\u00f3wku \u015al\u0105skim","url":"https:\/\/mgops.lwowekslaski.pl\/","logo":{"@type":"ImageObject","inLanguage":"pl-PL","@id":"https:\/\/mgops.lwowekslaski.pl\/#\/schema\/logo\/image\/","url":"https:\/\/mgops.lwowekslaski.pl\/wp-content\/uploads\/2025\/11\/cropped-6.png","contentUrl":"https:\/\/mgops.lwowekslaski.pl\/wp-content\/uploads\/2025\/11\/cropped-6.png","width":150,"height":150,"caption":"MGOPS w Lw\u00f3wku \u015al\u0105skim"},"image":{"@id":"https:\/\/mgops.lwowekslaski.pl\/#\/schema\/logo\/image\/"}}]}},"_links":{"self":[{"href":"https:\/\/mgops.lwowekslaski.pl\/index.php\/wp-json\/wp\/v2\/pages\/209","targetHints":{"allow":["GET"]}}],"collection":[{"href":"https:\/\/mgops.lwowekslaski.pl\/index.php\/wp-json\/wp\/v2\/pages"}],"about":[{"href":"https:\/\/mgops.lwowekslaski.pl\/index.php\/wp-json\/wp\/v2\/types\/page"}],"author":[{"embeddable":true,"href":"https:\/\/mgops.lwowekslaski.pl\/index.php\/wp-json\/wp\/v2\/users\/1"}],"replies":[{"embeddable":true,"href":"https:\/\/mgops.lwowekslaski.pl\/index.php\/wp-json\/wp\/v2\/comments?post=209"}],"version-history":[{"count":12,"href":"https:\/\/mgops.lwowekslaski.pl\/index.php\/wp-json\/wp\/v2\/pages\/209\/revisions"}],"predecessor-version":[{"id":1080,"href":"https:\/\/mgops.lwowekslaski.pl\/index.php\/wp-json\/wp\/v2\/pages\/209\/revisions\/1080"}],"wp:attachment":[{"href":"https:\/\/mgops.lwowekslaski.pl\/index.php\/wp-json\/wp\/v2\/media?parent=209"}],"curies":[{"name":"wp","href":"https:\/\/api.w.org\/{rel}","templated":true}]}}