{"id":24,"date":"2018-08-01T09:58:59","date_gmt":"2018-08-01T07:58:59","guid":{"rendered":"http:\/\/mgops1.lwowekslaski.pl\/?page_id=24"},"modified":"2021-02-11T10:06:47","modified_gmt":"2021-02-11T09:06:47","slug":"swiadczenia-niepieniezne","status":"publish","type":"page","link":"https:\/\/mgops.lwowekslaski.pl\/index.php\/pomoc-spoleczna\/swiadczenia-niepieniezne\/","title":{"rendered":"\u015awiadczenia niepieni\u0119\u017cne"},"content":{"rendered":"\n<p><strong>Us\u0142ugi opieku\u0144cze<br><\/strong>Komu przys\u0142uguj\u0105:<br>Osobom samotnym, kt\u00f3re z powodu wieku, choroby lub innych przyczyn wymagaj\u0105 pomocy innych os\u00f3b, a pomocy tej s\u0105 pozbawione. Us\u0142ugi opieku\u0144cze mog\u0105 by\u0107 przyznane r\u00f3wnie\u017c osobom, kt\u00f3re wymagaj\u0105 pomocy innych os\u00f3b, a rodzina nie mo\u017ce takiej pomocy zapewni\u0107.<br>Zakres us\u0142ug opieku\u0144czych:<br>Us\u0142ugi opieku\u0144cze obejmuj\u0105:<\/p>\n\n\n\n<ul class=\"wp-block-list\"><li>pomoc w zaspokajaniu codziennych potrzeb \u017cyciowych,<\/li><li>opiek\u0119 higieniczn\u0105,<\/li><li>zalecon\u0105 przez lekarza piel\u0119gnacj\u0119<\/li><li>w miar\u0119 mo\u017cliwo\u015bci r\u00f3wnie\u017c zapewnienie kontakt\u00f3w z otoczeniem,<\/li><li>us\u0142ugi gospodarcze np.: za\u0142atwianie spraw w urz\u0119dach, pomoc w robieniu zakup\u00f3w, sprz\u0105tanie, gotowanie,<\/li><li>us\u0142ugi piel\u0119gnacyjne np.: k\u0105panie, ubieranie, mycie, dozowanie lekarstw, zapobieganie powstawaniu odle\u017cyn,<\/li><\/ul>\n\n\n\n<p>Specjalistyczne us\u0142ugi opieku\u0144cze s\u0105 to us\u0142ugi dostosowane do szczeg\u00f3lnych potrzeb wynikaj\u0105cych z rodzaju schorzenia lub niepe\u0142nosprawno\u015bci np.: rehabilitacja fizyczna, terapia. S\u0105 one \u015bwiadczone przez osoby ze specjalistycznym przygotowaniem np.: piel\u0119gniarki, rehabilitant\u00f3w, terapeut\u00f3w.<br>Jak stara\u0107 si\u0119 o us\u0142ugi opieku\u0144cze<br>Nale\u017cy zg\u0142osi\u0107 si\u0119 do O\u015brodka Pomocy Spo\u0142ecznej w miejscu zamieszkania. Po zg\u0142oszeniu zapotrzebowania na us\u0142ugi (przez osob\u0119 zainteresowan\u0105 lub rodzin\u0119 osoby wymagaj\u0105cej opieki, je\u017celi nie jest ona w stanie sama zapewni\u0107 pomocy bliskiej osobie) pracownik socjalny przeprowadza wywiad \u015brodowiskowy. Celem wywiadu jest ustalenie po\u0142o\u017cenia materialnego podopiecznego a tak\u017ce zakresu us\u0142ug.<br>Je\u015bli z charakteru i zakresu us\u0142ug wynika potrzeba dokonania oceny stanu zdrowia, wymagane jest, aby osoba zainteresowana przed\u0142o\u017cy\u0142a za\u015bwiadczenie lekarskie o stanie zdrowia uzasadniaj\u0105ce korzystanie z us\u0142ug opieku\u0144czych i zalecon\u0105 przez lekarza piel\u0119gnacj\u0119.<br>Gmina (OPS) organizuje i przyznaje pomoc w formie us\u0142ug uwzgl\u0119dniaj\u0105c zg\u0142oszone potrzeby i mo\u017cliwo\u015bci ich realizacji. Obowi\u0105zkiem gminy jest zapewnienie us\u0142ug opieku\u0144czych, w tym specjalistycznych.<br>W decyzji przyznaj\u0105cej us\u0142ugi okre\u015bla si\u0119 rodzaj, zakres us\u0142ug, wymiar dzienny \u015bwiadczonych us\u0142ug, okres, przez kt\u00f3ry maj\u0105 by\u0107 \u015bwiadczone, wysoko\u015b\u0107 oraz tryb pobierania op\u0142at. Gmina mo\u017ce odm\u00f3wi\u0107 pomocy, je\u017celi w trakcie wywiadu \u015brodowiskowego, oka\u017ce si\u0119, i\u017c rodzina osoby wymagaj\u0105cej opieki, jest w stanie sama zapewni\u0107 pomoc bliskiej osobie.<br>Od wydanej decyzji przys\u0142uguje prawo wniesienia odwo\u0142ania do Samorz\u0105dowego Kolegium Odwo\u0142awczego w terminie 14 dni od daty otrzymania decyzji, za po\u015brednictwem Kierownika o\u015brodka.<br>Odp\u0142atno\u015b\u0107 za us\u0142ugi opieku\u0144cze<br>Wysoko\u015b\u0107 op\u0142at za us\u0142ugi opieku\u0144cze zale\u017cy od:<\/p>\n\n\n\n<ul class=\"wp-block-list\"><li>miejsca zamieszkania. Zasady odp\u0142atno\u015bci uchwalaj\u0105 w\u0142adze gminy &#8211; dlatego mo\u017ce zdarzy\u0107 si\u0119, \u017ce dwie osoby mieszkaj\u0105ce w r\u00f3\u017cnych gminach, mog\u0105 zap\u0142aci\u0107 r\u00f3\u017cne sumy za tak\u0105 sam\u0105 us\u0142ug\u0119.<\/li><li>dochodu netto przypadaj\u0105cego na osob\u0119 mieszkaj\u0105c\u0105 samotnie lub \u015bredniego dochodu na jedn\u0105 osob\u0119 w rodzinie. Im wi\u0119kszy jest ten doch\u00f3d, tym ni\u017cszy jest udzia\u0142 w op\u0142atach ponoszony przez OPS.<\/li><\/ul>\n\n\n\n<p>Spos\u00f3b ustalania op\u0142at za us\u0142ugi opieku\u0144cze na terenie Miasta i Gminy okre\u015bla Uchwa\u0142a Nr VII\/72\/15 Rady Miejskiej Lw\u00f3wek \u015al\u0105ski z dnia 26 marca 2015r ze zmianami.<\/p>\n\n\n\n<figure class=\"wp-block-image size-large is-resized is-style-default\"><a href=\"https:\/\/mgops.lwowekslaski.pl\/wp-content\/uploads\/2021\/02\/Zrzut-ekranu-2020-11-03-110511.png\"><img loading=\"lazy\" decoding=\"async\" src=\"https:\/\/mgops.lwowekslaski.pl\/wp-content\/uploads\/2021\/02\/Zrzut-ekranu-2020-11-03-110511-1024x266.png\" alt=\"\" class=\"wp-image-449\" width=\"749\" height=\"194\" srcset=\"https:\/\/mgops.lwowekslaski.pl\/wp-content\/uploads\/2021\/02\/Zrzut-ekranu-2020-11-03-110511-1024x266.png 1024w, https:\/\/mgops.lwowekslaski.pl\/wp-content\/uploads\/2021\/02\/Zrzut-ekranu-2020-11-03-110511-300x78.png 300w, https:\/\/mgops.lwowekslaski.pl\/wp-content\/uploads\/2021\/02\/Zrzut-ekranu-2020-11-03-110511-768x199.png 768w, https:\/\/mgops.lwowekslaski.pl\/wp-content\/uploads\/2021\/02\/Zrzut-ekranu-2020-11-03-110511-150x39.png 150w, https:\/\/mgops.lwowekslaski.pl\/wp-content\/uploads\/2021\/02\/Zrzut-ekranu-2020-11-03-110511-500x130.png 500w, https:\/\/mgops.lwowekslaski.pl\/wp-content\/uploads\/2021\/02\/Zrzut-ekranu-2020-11-03-110511.png 1195w\" sizes=\"auto, (max-width: 749px) 100vw, 749px\" \/><\/a><\/figure>\n\n\n\n<p><strong>Sprawienie pogrzebu<br><\/strong>Pomoc spo\u0142eczna obejmuje r\u00f3wnie\u017c obowi\u0105zek sprawienia pogrzebu w spos\u00f3b ustalony przez gmin\u0119, zgodnie z wyznaniem zmar\u0142ego. Sprawienie pogrzebu jest zadaniem w\u0142asnym gminy o charakterze obowi\u0105zkowym.<\/p>\n\n\n\n<p><strong>Pomoc w postaci schronienia, posi\u0142ku, odzie\u017cy<br><\/strong>O\u015brodek Pomocy Spo\u0142ecznej udziela schronienia, posi\u0142ku i niezb\u0119dnego ubrania osobom tego pozbawionym. Udzielenie schronienia nast\u0119puje poprzez przyznanie tymczasowego miejsca noclegowego w noclegowniach, schroniskach, domach dla bezdomnych i innych miejscach daj\u0105cych schronienie (np. o\u015brodki interwencji kryzysowej, hostele). Pomoc w postaci jednego gor\u0105cego posi\u0142ku dziennie przyznawana dzieciom i m\u0142odzie\u017cy w okresie nauki w szkole mo\u017ce by\u0107 realizowana w formie zakupu posi\u0142k\u00f3w.<\/p>\n","protected":false},"excerpt":{"rendered":"<p>Us\u0142ugi opieku\u0144czeKomu przys\u0142uguj\u0105:Osobom samotnym, kt\u00f3re z powodu wieku, choroby lub innych przyczyn wymagaj\u0105 pomocy innych os\u00f3b, a pomocy tej s\u0105 pozbawione. Us\u0142ugi opieku\u0144cze mog\u0105 by\u0107 przyznane r\u00f3wnie\u017c osobom, kt\u00f3re wymagaj\u0105 pomocy innych os\u00f3b, a rodzina nie mo\u017ce takiej pomocy zapewni\u0107.Zakres us\u0142ug opieku\u0144czych:Us\u0142ugi opieku\u0144cze obejmuj\u0105: pomoc w zaspokajaniu codziennych potrzeb \u017cyciowych, [&hellip;]<\/p>\n","protected":false},"author":1,"featured_media":268,"parent":17,"menu_order":2,"comment_status":"closed","ping_status":"closed","template":"","meta":{"_cbd_carousel_blocks":"[]","_themeisle_gutenberg_block_has_review":false,"footnotes":""},"class_list":["post-24","page","type-page","status-publish","has-post-thumbnail","hentry"],"yoast_head":"<!-- This site is optimized with the Yoast SEO plugin v27.5 - https:\/\/yoast.com\/product\/yoast-seo-wordpress\/ -->\n<title>\u015awiadczenia niepieni\u0119\u017cne - MGOPS w Lw\u00f3wku \u015al\u0105skim<\/title>\n<meta name=\"robots\" content=\"index, follow, max-snippet:-1, max-image-preview:large, max-video-preview:-1\" \/>\n<link rel=\"canonical\" href=\"https:\/\/mgops.lwowekslaski.pl\/index.php\/pomoc-spoleczna\/swiadczenia-niepieniezne\/\" \/>\n<meta property=\"og:locale\" content=\"pl_PL\" \/>\n<meta property=\"og:type\" content=\"article\" \/>\n<meta property=\"og:title\" content=\"\u015awiadczenia niepieni\u0119\u017cne - MGOPS w Lw\u00f3wku \u015al\u0105skim\" \/>\n<meta property=\"og:description\" content=\"Us\u0142ugi opieku\u0144czeKomu przys\u0142uguj\u0105:Osobom samotnym, kt\u00f3re z powodu wieku, choroby lub innych przyczyn wymagaj\u0105 pomocy innych os\u00f3b, a pomocy tej s\u0105 pozbawione. Us\u0142ugi opieku\u0144cze mog\u0105 by\u0107 przyznane r\u00f3wnie\u017c osobom, kt\u00f3re wymagaj\u0105 pomocy innych os\u00f3b, a rodzina nie mo\u017ce takiej pomocy zapewni\u0107.Zakres us\u0142ug opieku\u0144czych:Us\u0142ugi opieku\u0144cze obejmuj\u0105: pomoc w zaspokajaniu codziennych potrzeb \u017cyciowych, [&hellip;]\" \/>\n<meta property=\"og:url\" content=\"https:\/\/mgops.lwowekslaski.pl\/index.php\/pomoc-spoleczna\/swiadczenia-niepieniezne\/\" \/>\n<meta property=\"og:site_name\" content=\"MGOPS w Lw\u00f3wku \u015al\u0105skim\" \/>\n<meta property=\"article:modified_time\" content=\"2021-02-11T09:06:47+00:00\" \/>\n<meta property=\"og:image\" content=\"https:\/\/mgops.lwowekslaski.pl\/wp-content\/uploads\/2020\/07\/rodzina.jpg\" \/>\n\t<meta property=\"og:image:width\" content=\"1685\" \/>\n\t<meta property=\"og:image:height\" content=\"1128\" \/>\n\t<meta property=\"og:image:type\" content=\"image\/jpeg\" \/>\n<meta name=\"twitter:card\" content=\"summary_large_image\" \/>\n<meta name=\"twitter:label1\" content=\"Szacowany czas czytania\" \/>\n\t<meta name=\"twitter:data1\" content=\"3 minuty\" \/>\n<script type=\"application\/ld+json\" class=\"yoast-schema-graph\">{\"@context\":\"https:\\\/\\\/schema.org\",\"@graph\":[{\"@type\":\"WebPage\",\"@id\":\"https:\\\/\\\/mgops.lwowekslaski.pl\\\/index.php\\\/pomoc-spoleczna\\\/swiadczenia-niepieniezne\\\/\",\"url\":\"https:\\\/\\\/mgops.lwowekslaski.pl\\\/index.php\\\/pomoc-spoleczna\\\/swiadczenia-niepieniezne\\\/\",\"name\":\"\u015awiadczenia niepieni\u0119\u017cne - MGOPS w Lw\u00f3wku \u015al\u0105skim\",\"isPartOf\":{\"@id\":\"https:\\\/\\\/mgops.lwowekslaski.pl\\\/#website\"},\"primaryImageOfPage\":{\"@id\":\"https:\\\/\\\/mgops.lwowekslaski.pl\\\/index.php\\\/pomoc-spoleczna\\\/swiadczenia-niepieniezne\\\/#primaryimage\"},\"image\":{\"@id\":\"https:\\\/\\\/mgops.lwowekslaski.pl\\\/index.php\\\/pomoc-spoleczna\\\/swiadczenia-niepieniezne\\\/#primaryimage\"},\"thumbnailUrl\":\"https:\\\/\\\/mgops.lwowekslaski.pl\\\/wp-content\\\/uploads\\\/2020\\\/07\\\/rodzina.jpg\",\"datePublished\":\"2018-08-01T07:58:59+00:00\",\"dateModified\":\"2021-02-11T09:06:47+00:00\",\"breadcrumb\":{\"@id\":\"https:\\\/\\\/mgops.lwowekslaski.pl\\\/index.php\\\/pomoc-spoleczna\\\/swiadczenia-niepieniezne\\\/#breadcrumb\"},\"inLanguage\":\"pl-PL\",\"potentialAction\":[{\"@type\":\"ReadAction\",\"target\":[\"https:\\\/\\\/mgops.lwowekslaski.pl\\\/index.php\\\/pomoc-spoleczna\\\/swiadczenia-niepieniezne\\\/\"]}]},{\"@type\":\"ImageObject\",\"inLanguage\":\"pl-PL\",\"@id\":\"https:\\\/\\\/mgops.lwowekslaski.pl\\\/index.php\\\/pomoc-spoleczna\\\/swiadczenia-niepieniezne\\\/#primaryimage\",\"url\":\"https:\\\/\\\/mgops.lwowekslaski.pl\\\/wp-content\\\/uploads\\\/2020\\\/07\\\/rodzina.jpg\",\"contentUrl\":\"https:\\\/\\\/mgops.lwowekslaski.pl\\\/wp-content\\\/uploads\\\/2020\\\/07\\\/rodzina.jpg\",\"width\":1685,\"height\":1128},{\"@type\":\"BreadcrumbList\",\"@id\":\"https:\\\/\\\/mgops.lwowekslaski.pl\\\/index.php\\\/pomoc-spoleczna\\\/swiadczenia-niepieniezne\\\/#breadcrumb\",\"itemListElement\":[{\"@type\":\"ListItem\",\"position\":1,\"name\":\"Strona g\u0142\u00f3wna\",\"item\":\"https:\\\/\\\/mgops.lwowekslaski.pl\\\/\"},{\"@type\":\"ListItem\",\"position\":2,\"name\":\"Pomoc spo\u0142eczna\",\"item\":\"https:\\\/\\\/mgops.lwowekslaski.pl\\\/index.php\\\/pomoc-spoleczna\\\/\"},{\"@type\":\"ListItem\",\"position\":3,\"name\":\"\u015awiadczenia niepieni\u0119\u017cne\"}]},{\"@type\":\"WebSite\",\"@id\":\"https:\\\/\\\/mgops.lwowekslaski.pl\\\/#website\",\"url\":\"https:\\\/\\\/mgops.lwowekslaski.pl\\\/\",\"name\":\"MGOPS w Lw\u00f3wku \u015al\u0105skim\",\"description\":\"Miejsko - Gminny O\u015brodek Pomocy Spo\u0142ecznej w Lw\u00f3wku \u015al\u0105skim\",\"publisher\":{\"@id\":\"https:\\\/\\\/mgops.lwowekslaski.pl\\\/#organization\"},\"potentialAction\":[{\"@type\":\"SearchAction\",\"target\":{\"@type\":\"EntryPoint\",\"urlTemplate\":\"https:\\\/\\\/mgops.lwowekslaski.pl\\\/?s={search_term_string}\"},\"query-input\":{\"@type\":\"PropertyValueSpecification\",\"valueRequired\":true,\"valueName\":\"search_term_string\"}}],\"inLanguage\":\"pl-PL\"},{\"@type\":\"Organization\",\"@id\":\"https:\\\/\\\/mgops.lwowekslaski.pl\\\/#organization\",\"name\":\"MGOPS w Lw\u00f3wku \u015al\u0105skim\",\"url\":\"https:\\\/\\\/mgops.lwowekslaski.pl\\\/\",\"logo\":{\"@type\":\"ImageObject\",\"inLanguage\":\"pl-PL\",\"@id\":\"https:\\\/\\\/mgops.lwowekslaski.pl\\\/#\\\/schema\\\/logo\\\/image\\\/\",\"url\":\"https:\\\/\\\/mgops.lwowekslaski.pl\\\/wp-content\\\/uploads\\\/2025\\\/11\\\/cropped-6.png\",\"contentUrl\":\"https:\\\/\\\/mgops.lwowekslaski.pl\\\/wp-content\\\/uploads\\\/2025\\\/11\\\/cropped-6.png\",\"width\":150,\"height\":150,\"caption\":\"MGOPS w Lw\u00f3wku \u015al\u0105skim\"},\"image\":{\"@id\":\"https:\\\/\\\/mgops.lwowekslaski.pl\\\/#\\\/schema\\\/logo\\\/image\\\/\"}}]}<\/script>\n<!-- \/ Yoast SEO plugin. -->","yoast_head_json":{"title":"\u015awiadczenia niepieni\u0119\u017cne - MGOPS w Lw\u00f3wku \u015al\u0105skim","robots":{"index":"index","follow":"follow","max-snippet":"max-snippet:-1","max-image-preview":"max-image-preview:large","max-video-preview":"max-video-preview:-1"},"canonical":"https:\/\/mgops.lwowekslaski.pl\/index.php\/pomoc-spoleczna\/swiadczenia-niepieniezne\/","og_locale":"pl_PL","og_type":"article","og_title":"\u015awiadczenia niepieni\u0119\u017cne - MGOPS w Lw\u00f3wku \u015al\u0105skim","og_description":"Us\u0142ugi opieku\u0144czeKomu przys\u0142uguj\u0105:Osobom samotnym, kt\u00f3re z powodu wieku, choroby lub innych przyczyn wymagaj\u0105 pomocy innych os\u00f3b, a pomocy tej s\u0105 pozbawione. Us\u0142ugi opieku\u0144cze mog\u0105 by\u0107 przyznane r\u00f3wnie\u017c osobom, kt\u00f3re wymagaj\u0105 pomocy innych os\u00f3b, a rodzina nie mo\u017ce takiej pomocy zapewni\u0107.Zakres us\u0142ug opieku\u0144czych:Us\u0142ugi opieku\u0144cze obejmuj\u0105: pomoc w zaspokajaniu codziennych potrzeb \u017cyciowych, [&hellip;]","og_url":"https:\/\/mgops.lwowekslaski.pl\/index.php\/pomoc-spoleczna\/swiadczenia-niepieniezne\/","og_site_name":"MGOPS w Lw\u00f3wku \u015al\u0105skim","article_modified_time":"2021-02-11T09:06:47+00:00","og_image":[{"width":1685,"height":1128,"url":"https:\/\/mgops.lwowekslaski.pl\/wp-content\/uploads\/2020\/07\/rodzina.jpg","type":"image\/jpeg"}],"twitter_card":"summary_large_image","twitter_misc":{"Szacowany czas czytania":"3 minuty"},"schema":{"@context":"https:\/\/schema.org","@graph":[{"@type":"WebPage","@id":"https:\/\/mgops.lwowekslaski.pl\/index.php\/pomoc-spoleczna\/swiadczenia-niepieniezne\/","url":"https:\/\/mgops.lwowekslaski.pl\/index.php\/pomoc-spoleczna\/swiadczenia-niepieniezne\/","name":"\u015awiadczenia niepieni\u0119\u017cne - MGOPS w Lw\u00f3wku \u015al\u0105skim","isPartOf":{"@id":"https:\/\/mgops.lwowekslaski.pl\/#website"},"primaryImageOfPage":{"@id":"https:\/\/mgops.lwowekslaski.pl\/index.php\/pomoc-spoleczna\/swiadczenia-niepieniezne\/#primaryimage"},"image":{"@id":"https:\/\/mgops.lwowekslaski.pl\/index.php\/pomoc-spoleczna\/swiadczenia-niepieniezne\/#primaryimage"},"thumbnailUrl":"https:\/\/mgops.lwowekslaski.pl\/wp-content\/uploads\/2020\/07\/rodzina.jpg","datePublished":"2018-08-01T07:58:59+00:00","dateModified":"2021-02-11T09:06:47+00:00","breadcrumb":{"@id":"https:\/\/mgops.lwowekslaski.pl\/index.php\/pomoc-spoleczna\/swiadczenia-niepieniezne\/#breadcrumb"},"inLanguage":"pl-PL","potentialAction":[{"@type":"ReadAction","target":["https:\/\/mgops.lwowekslaski.pl\/index.php\/pomoc-spoleczna\/swiadczenia-niepieniezne\/"]}]},{"@type":"ImageObject","inLanguage":"pl-PL","@id":"https:\/\/mgops.lwowekslaski.pl\/index.php\/pomoc-spoleczna\/swiadczenia-niepieniezne\/#primaryimage","url":"https:\/\/mgops.lwowekslaski.pl\/wp-content\/uploads\/2020\/07\/rodzina.jpg","contentUrl":"https:\/\/mgops.lwowekslaski.pl\/wp-content\/uploads\/2020\/07\/rodzina.jpg","width":1685,"height":1128},{"@type":"BreadcrumbList","@id":"https:\/\/mgops.lwowekslaski.pl\/index.php\/pomoc-spoleczna\/swiadczenia-niepieniezne\/#breadcrumb","itemListElement":[{"@type":"ListItem","position":1,"name":"Strona g\u0142\u00f3wna","item":"https:\/\/mgops.lwowekslaski.pl\/"},{"@type":"ListItem","position":2,"name":"Pomoc spo\u0142eczna","item":"https:\/\/mgops.lwowekslaski.pl\/index.php\/pomoc-spoleczna\/"},{"@type":"ListItem","position":3,"name":"\u015awiadczenia niepieni\u0119\u017cne"}]},{"@type":"WebSite","@id":"https:\/\/mgops.lwowekslaski.pl\/#website","url":"https:\/\/mgops.lwowekslaski.pl\/","name":"MGOPS w Lw\u00f3wku \u015al\u0105skim","description":"Miejsko - Gminny O\u015brodek Pomocy Spo\u0142ecznej w Lw\u00f3wku \u015al\u0105skim","publisher":{"@id":"https:\/\/mgops.lwowekslaski.pl\/#organization"},"potentialAction":[{"@type":"SearchAction","target":{"@type":"EntryPoint","urlTemplate":"https:\/\/mgops.lwowekslaski.pl\/?s={search_term_string}"},"query-input":{"@type":"PropertyValueSpecification","valueRequired":true,"valueName":"search_term_string"}}],"inLanguage":"pl-PL"},{"@type":"Organization","@id":"https:\/\/mgops.lwowekslaski.pl\/#organization","name":"MGOPS w Lw\u00f3wku \u015al\u0105skim","url":"https:\/\/mgops.lwowekslaski.pl\/","logo":{"@type":"ImageObject","inLanguage":"pl-PL","@id":"https:\/\/mgops.lwowekslaski.pl\/#\/schema\/logo\/image\/","url":"https:\/\/mgops.lwowekslaski.pl\/wp-content\/uploads\/2025\/11\/cropped-6.png","contentUrl":"https:\/\/mgops.lwowekslaski.pl\/wp-content\/uploads\/2025\/11\/cropped-6.png","width":150,"height":150,"caption":"MGOPS w Lw\u00f3wku \u015al\u0105skim"},"image":{"@id":"https:\/\/mgops.lwowekslaski.pl\/#\/schema\/logo\/image\/"}}]}},"_links":{"self":[{"href":"https:\/\/mgops.lwowekslaski.pl\/index.php\/wp-json\/wp\/v2\/pages\/24","targetHints":{"allow":["GET"]}}],"collection":[{"href":"https:\/\/mgops.lwowekslaski.pl\/index.php\/wp-json\/wp\/v2\/pages"}],"about":[{"href":"https:\/\/mgops.lwowekslaski.pl\/index.php\/wp-json\/wp\/v2\/types\/page"}],"author":[{"embeddable":true,"href":"https:\/\/mgops.lwowekslaski.pl\/index.php\/wp-json\/wp\/v2\/users\/1"}],"replies":[{"embeddable":true,"href":"https:\/\/mgops.lwowekslaski.pl\/index.php\/wp-json\/wp\/v2\/comments?post=24"}],"version-history":[{"count":7,"href":"https:\/\/mgops.lwowekslaski.pl\/index.php\/wp-json\/wp\/v2\/pages\/24\/revisions"}],"predecessor-version":[{"id":454,"href":"https:\/\/mgops.lwowekslaski.pl\/index.php\/wp-json\/wp\/v2\/pages\/24\/revisions\/454"}],"up":[{"embeddable":true,"href":"https:\/\/mgops.lwowekslaski.pl\/index.php\/wp-json\/wp\/v2\/pages\/17"}],"wp:featuredmedia":[{"embeddable":true,"href":"https:\/\/mgops.lwowekslaski.pl\/index.php\/wp-json\/wp\/v2\/media\/268"}],"wp:attachment":[{"href":"https:\/\/mgops.lwowekslaski.pl\/index.php\/wp-json\/wp\/v2\/media?parent=24"}],"curies":[{"name":"wp","href":"https:\/\/api.w.org\/{rel}","templated":true}]}}