{"id":51,"date":"2018-08-01T10:37:26","date_gmt":"2018-08-01T08:37:26","guid":{"rendered":"http:\/\/mgops1.lwowekslaski.pl\/?page_id=51"},"modified":"2018-08-01T10:37:26","modified_gmt":"2018-08-01T08:37:26","slug":"becikowe","status":"publish","type":"page","link":"https:\/\/mgops.lwowekslaski.pl\/index.php\/swiadczenia-rodzinne\/becikowe\/","title":{"rendered":"Becikowe"},"content":{"rendered":"<h2 class=\"panelcap\">Zapomoga z tytu\u0142u urodzenia dziecka &#8211; &#8222;Becikowe&#8221;<\/h2>\n<p style=\"text-align: justify;\">Jednorazowa zapomoga z tytu\u0142u urodzenia dziecka w wysoko\u015bci 1000 z\u0142 przys\u0142uguje matce lub ojcu dziecka, opiekunowi prawnemu albo opiekunowi faktycznemu dziecka, je\u017celi doch\u00f3d rodziny w przeliczeniu na osob\u0119 nie przekracza kwoty 1.922,00z\u0142.<br \/>\n<strong>Wniosek o wyp\u0142at\u0119 jednorazowej zapomogi sk\u0142ada si\u0119 w terminie 12 miesi\u0119cy od dnia narodzin dziecka a w przypadku gdy wniosek dotyczy dziecka obj\u0119tego opiek\u0105 prawn\u0105, opiek\u0105 faktyczn\u0105 albo dziecka przysposobionego- w terminie 12 miesi\u0119cy od dnia obj\u0119cia dziecka opieka albo przysposobieniem nie p\u00f3\u017aniej ni\u017c do uko\u0144czenia przez dziecko 18 roku \u017cycia. Wniosek z\u0142o\u017cony po terminie organ pozostawia bez rozpatrzenia.<\/strong><br \/>\nJednorazowa zapomoga z tytu\u0142u urodzenia dziecka nie przys\u0142uguje je\u017celi cz\u0142onkowi rodziny przys\u0142uguje za granic\u0105 \u015bwiadczenie z tytu\u0142u urodzenia dziecka, chyba \u017ce przepisy o koordynacji system\u00f3w zabezpieczenia spo\u0142ecznego lub dwustronne umowy o zabezpieczeniu spo\u0142ecznym stanowi\u0105 inaczej.<br \/>\nDruk wniosku mo\u017cna pobra\u0107 osobi\u015bcie w Miejsko &#8211; Gminnym O\u015brodku Pomocy Spo\u0142ecznej w Lw\u00f3wku \u015al\u0105skim lub ze strony internetowej.<br \/>\n<strong>Wniosek wraz z kserokopi\u0105 dowodu osobistego<\/strong> (orygina\u0142 do wgl\u0105du) , <strong>za\u015bwiadczeniem lekarskim potwierdzaj\u0105cym pozostawanie pod opiek\u0105 medyczn\u0105 nie p\u00f3\u017aniej ni\u017c od 10 tygodnia ci\u0105\u017cy do porodu oraz odpisem skr\u00f3conego aktu urodzenia dziecka.<\/strong> Wniosek nale\u017cy sk\u0142ada\u0107 w Miejsko &#8211; Gminnym O\u015brodku Pomocy Spo\u0142ecznej w Lw\u00f3wku \u015alaskim, Dzia\u0142 \u015bwiadcze\u0144 rodzinnych.<\/p>\n","protected":false},"excerpt":{"rendered":"<p>Zapomoga z tytu\u0142u urodzenia dziecka &#8211; &#8222;Becikowe&#8221; Jednorazowa zapomoga z tytu\u0142u urodzenia dziecka w wysoko\u015bci 1000 z\u0142 przys\u0142uguje matce lub ojcu dziecka, opiekunowi prawnemu albo opiekunowi faktycznemu dziecka, je\u017celi doch\u00f3d rodziny w przeliczeniu na osob\u0119 nie przekracza kwoty 1.922,00z\u0142. Wniosek o wyp\u0142at\u0119 jednorazowej zapomogi sk\u0142ada si\u0119 w terminie 12 miesi\u0119cy [&hellip;]<\/p>\n","protected":false},"author":1,"featured_media":0,"parent":32,"menu_order":0,"comment_status":"closed","ping_status":"closed","template":"","meta":{"_cbd_carousel_blocks":"[]","_themeisle_gutenberg_block_has_review":false,"footnotes":""},"class_list":["post-51","page","type-page","status-publish","hentry"],"yoast_head":"<!-- This site is optimized with the Yoast SEO plugin v27.5 - https:\/\/yoast.com\/product\/yoast-seo-wordpress\/ -->\n<title>Becikowe - MGOPS w Lw\u00f3wku \u015al\u0105skim<\/title>\n<meta name=\"robots\" content=\"index, follow, max-snippet:-1, max-image-preview:large, max-video-preview:-1\" \/>\n<link rel=\"canonical\" href=\"https:\/\/mgops.lwowekslaski.pl\/index.php\/swiadczenia-rodzinne\/becikowe\/\" \/>\n<meta property=\"og:locale\" content=\"pl_PL\" \/>\n<meta property=\"og:type\" content=\"article\" \/>\n<meta property=\"og:title\" content=\"Becikowe - MGOPS w Lw\u00f3wku \u015al\u0105skim\" \/>\n<meta property=\"og:description\" content=\"Zapomoga z tytu\u0142u urodzenia dziecka &#8211; &#8222;Becikowe&#8221; Jednorazowa zapomoga z tytu\u0142u urodzenia dziecka w wysoko\u015bci 1000 z\u0142 przys\u0142uguje matce lub ojcu dziecka, opiekunowi prawnemu albo opiekunowi faktycznemu dziecka, je\u017celi doch\u00f3d rodziny w przeliczeniu na osob\u0119 nie przekracza kwoty 1.922,00z\u0142. Wniosek o wyp\u0142at\u0119 jednorazowej zapomogi sk\u0142ada si\u0119 w terminie 12 miesi\u0119cy [&hellip;]\" \/>\n<meta property=\"og:url\" content=\"https:\/\/mgops.lwowekslaski.pl\/index.php\/swiadczenia-rodzinne\/becikowe\/\" \/>\n<meta property=\"og:site_name\" content=\"MGOPS w Lw\u00f3wku \u015al\u0105skim\" \/>\n<meta name=\"twitter:card\" content=\"summary_large_image\" \/>\n<meta name=\"twitter:label1\" content=\"Szacowany czas czytania\" \/>\n\t<meta name=\"twitter:data1\" content=\"1 minuta\" \/>\n<script type=\"application\/ld+json\" class=\"yoast-schema-graph\">{\"@context\":\"https:\\\/\\\/schema.org\",\"@graph\":[{\"@type\":\"WebPage\",\"@id\":\"https:\\\/\\\/mgops.lwowekslaski.pl\\\/index.php\\\/swiadczenia-rodzinne\\\/becikowe\\\/\",\"url\":\"https:\\\/\\\/mgops.lwowekslaski.pl\\\/index.php\\\/swiadczenia-rodzinne\\\/becikowe\\\/\",\"name\":\"Becikowe - MGOPS w Lw\u00f3wku \u015al\u0105skim\",\"isPartOf\":{\"@id\":\"https:\\\/\\\/mgops.lwowekslaski.pl\\\/#website\"},\"datePublished\":\"2018-08-01T08:37:26+00:00\",\"breadcrumb\":{\"@id\":\"https:\\\/\\\/mgops.lwowekslaski.pl\\\/index.php\\\/swiadczenia-rodzinne\\\/becikowe\\\/#breadcrumb\"},\"inLanguage\":\"pl-PL\",\"potentialAction\":[{\"@type\":\"ReadAction\",\"target\":[\"https:\\\/\\\/mgops.lwowekslaski.pl\\\/index.php\\\/swiadczenia-rodzinne\\\/becikowe\\\/\"]}]},{\"@type\":\"BreadcrumbList\",\"@id\":\"https:\\\/\\\/mgops.lwowekslaski.pl\\\/index.php\\\/swiadczenia-rodzinne\\\/becikowe\\\/#breadcrumb\",\"itemListElement\":[{\"@type\":\"ListItem\",\"position\":1,\"name\":\"Strona g\u0142\u00f3wna\",\"item\":\"https:\\\/\\\/mgops.lwowekslaski.pl\\\/\"},{\"@type\":\"ListItem\",\"position\":2,\"name\":\"\u015awiadczenia rodzinne\",\"item\":\"https:\\\/\\\/mgops.lwowekslaski.pl\\\/index.php\\\/swiadczenia-rodzinne\\\/\"},{\"@type\":\"ListItem\",\"position\":3,\"name\":\"Becikowe\"}]},{\"@type\":\"WebSite\",\"@id\":\"https:\\\/\\\/mgops.lwowekslaski.pl\\\/#website\",\"url\":\"https:\\\/\\\/mgops.lwowekslaski.pl\\\/\",\"name\":\"MGOPS w Lw\u00f3wku \u015al\u0105skim\",\"description\":\"Miejsko - Gminny O\u015brodek Pomocy Spo\u0142ecznej w Lw\u00f3wku \u015al\u0105skim\",\"publisher\":{\"@id\":\"https:\\\/\\\/mgops.lwowekslaski.pl\\\/#organization\"},\"potentialAction\":[{\"@type\":\"SearchAction\",\"target\":{\"@type\":\"EntryPoint\",\"urlTemplate\":\"https:\\\/\\\/mgops.lwowekslaski.pl\\\/?s={search_term_string}\"},\"query-input\":{\"@type\":\"PropertyValueSpecification\",\"valueRequired\":true,\"valueName\":\"search_term_string\"}}],\"inLanguage\":\"pl-PL\"},{\"@type\":\"Organization\",\"@id\":\"https:\\\/\\\/mgops.lwowekslaski.pl\\\/#organization\",\"name\":\"MGOPS w Lw\u00f3wku \u015al\u0105skim\",\"url\":\"https:\\\/\\\/mgops.lwowekslaski.pl\\\/\",\"logo\":{\"@type\":\"ImageObject\",\"inLanguage\":\"pl-PL\",\"@id\":\"https:\\\/\\\/mgops.lwowekslaski.pl\\\/#\\\/schema\\\/logo\\\/image\\\/\",\"url\":\"https:\\\/\\\/mgops.lwowekslaski.pl\\\/wp-content\\\/uploads\\\/2025\\\/11\\\/cropped-6.png\",\"contentUrl\":\"https:\\\/\\\/mgops.lwowekslaski.pl\\\/wp-content\\\/uploads\\\/2025\\\/11\\\/cropped-6.png\",\"width\":150,\"height\":150,\"caption\":\"MGOPS w Lw\u00f3wku \u015al\u0105skim\"},\"image\":{\"@id\":\"https:\\\/\\\/mgops.lwowekslaski.pl\\\/#\\\/schema\\\/logo\\\/image\\\/\"}}]}<\/script>\n<!-- \/ Yoast SEO plugin. -->","yoast_head_json":{"title":"Becikowe - MGOPS w Lw\u00f3wku \u015al\u0105skim","robots":{"index":"index","follow":"follow","max-snippet":"max-snippet:-1","max-image-preview":"max-image-preview:large","max-video-preview":"max-video-preview:-1"},"canonical":"https:\/\/mgops.lwowekslaski.pl\/index.php\/swiadczenia-rodzinne\/becikowe\/","og_locale":"pl_PL","og_type":"article","og_title":"Becikowe - MGOPS w Lw\u00f3wku \u015al\u0105skim","og_description":"Zapomoga z tytu\u0142u urodzenia dziecka &#8211; &#8222;Becikowe&#8221; Jednorazowa zapomoga z tytu\u0142u urodzenia dziecka w wysoko\u015bci 1000 z\u0142 przys\u0142uguje matce lub ojcu dziecka, opiekunowi prawnemu albo opiekunowi faktycznemu dziecka, je\u017celi doch\u00f3d rodziny w przeliczeniu na osob\u0119 nie przekracza kwoty 1.922,00z\u0142. Wniosek o wyp\u0142at\u0119 jednorazowej zapomogi sk\u0142ada si\u0119 w terminie 12 miesi\u0119cy [&hellip;]","og_url":"https:\/\/mgops.lwowekslaski.pl\/index.php\/swiadczenia-rodzinne\/becikowe\/","og_site_name":"MGOPS w Lw\u00f3wku \u015al\u0105skim","twitter_card":"summary_large_image","twitter_misc":{"Szacowany czas czytania":"1 minuta"},"schema":{"@context":"https:\/\/schema.org","@graph":[{"@type":"WebPage","@id":"https:\/\/mgops.lwowekslaski.pl\/index.php\/swiadczenia-rodzinne\/becikowe\/","url":"https:\/\/mgops.lwowekslaski.pl\/index.php\/swiadczenia-rodzinne\/becikowe\/","name":"Becikowe - MGOPS w Lw\u00f3wku \u015al\u0105skim","isPartOf":{"@id":"https:\/\/mgops.lwowekslaski.pl\/#website"},"datePublished":"2018-08-01T08:37:26+00:00","breadcrumb":{"@id":"https:\/\/mgops.lwowekslaski.pl\/index.php\/swiadczenia-rodzinne\/becikowe\/#breadcrumb"},"inLanguage":"pl-PL","potentialAction":[{"@type":"ReadAction","target":["https:\/\/mgops.lwowekslaski.pl\/index.php\/swiadczenia-rodzinne\/becikowe\/"]}]},{"@type":"BreadcrumbList","@id":"https:\/\/mgops.lwowekslaski.pl\/index.php\/swiadczenia-rodzinne\/becikowe\/#breadcrumb","itemListElement":[{"@type":"ListItem","position":1,"name":"Strona g\u0142\u00f3wna","item":"https:\/\/mgops.lwowekslaski.pl\/"},{"@type":"ListItem","position":2,"name":"\u015awiadczenia rodzinne","item":"https:\/\/mgops.lwowekslaski.pl\/index.php\/swiadczenia-rodzinne\/"},{"@type":"ListItem","position":3,"name":"Becikowe"}]},{"@type":"WebSite","@id":"https:\/\/mgops.lwowekslaski.pl\/#website","url":"https:\/\/mgops.lwowekslaski.pl\/","name":"MGOPS w Lw\u00f3wku \u015al\u0105skim","description":"Miejsko - Gminny O\u015brodek Pomocy Spo\u0142ecznej w Lw\u00f3wku \u015al\u0105skim","publisher":{"@id":"https:\/\/mgops.lwowekslaski.pl\/#organization"},"potentialAction":[{"@type":"SearchAction","target":{"@type":"EntryPoint","urlTemplate":"https:\/\/mgops.lwowekslaski.pl\/?s={search_term_string}"},"query-input":{"@type":"PropertyValueSpecification","valueRequired":true,"valueName":"search_term_string"}}],"inLanguage":"pl-PL"},{"@type":"Organization","@id":"https:\/\/mgops.lwowekslaski.pl\/#organization","name":"MGOPS w Lw\u00f3wku \u015al\u0105skim","url":"https:\/\/mgops.lwowekslaski.pl\/","logo":{"@type":"ImageObject","inLanguage":"pl-PL","@id":"https:\/\/mgops.lwowekslaski.pl\/#\/schema\/logo\/image\/","url":"https:\/\/mgops.lwowekslaski.pl\/wp-content\/uploads\/2025\/11\/cropped-6.png","contentUrl":"https:\/\/mgops.lwowekslaski.pl\/wp-content\/uploads\/2025\/11\/cropped-6.png","width":150,"height":150,"caption":"MGOPS w Lw\u00f3wku \u015al\u0105skim"},"image":{"@id":"https:\/\/mgops.lwowekslaski.pl\/#\/schema\/logo\/image\/"}}]}},"_links":{"self":[{"href":"https:\/\/mgops.lwowekslaski.pl\/index.php\/wp-json\/wp\/v2\/pages\/51","targetHints":{"allow":["GET"]}}],"collection":[{"href":"https:\/\/mgops.lwowekslaski.pl\/index.php\/wp-json\/wp\/v2\/pages"}],"about":[{"href":"https:\/\/mgops.lwowekslaski.pl\/index.php\/wp-json\/wp\/v2\/types\/page"}],"author":[{"embeddable":true,"href":"https:\/\/mgops.lwowekslaski.pl\/index.php\/wp-json\/wp\/v2\/users\/1"}],"replies":[{"embeddable":true,"href":"https:\/\/mgops.lwowekslaski.pl\/index.php\/wp-json\/wp\/v2\/comments?post=51"}],"version-history":[{"count":1,"href":"https:\/\/mgops.lwowekslaski.pl\/index.php\/wp-json\/wp\/v2\/pages\/51\/revisions"}],"predecessor-version":[{"id":52,"href":"https:\/\/mgops.lwowekslaski.pl\/index.php\/wp-json\/wp\/v2\/pages\/51\/revisions\/52"}],"up":[{"embeddable":true,"href":"https:\/\/mgops.lwowekslaski.pl\/index.php\/wp-json\/wp\/v2\/pages\/32"}],"wp:attachment":[{"href":"https:\/\/mgops.lwowekslaski.pl\/index.php\/wp-json\/wp\/v2\/media?parent=51"}],"curies":[{"name":"wp","href":"https:\/\/api.w.org\/{rel}","templated":true}]}}